{"id":28775,"date":"2020-01-28T10:38:32","date_gmt":"2020-01-28T10:38:32","guid":{"rendered":"http:\/\/www.pharmacavigar.it\/cookie-policy"},"modified":"2020-03-09T16:00:38","modified_gmt":"2020-03-09T16:00:38","slug":"cookie-policy","status":"publish","type":"page","link":"https:\/\/www.pharmacavigar.it\/es\/cookie-policy\/","title":{"rendered":"Cookie Policy"},"content":{"rendered":"<h4 style=\"text-align: center;\"><strong>POLITICA DE LOS FORMATOS (Cookie)<\/strong><\/h4>\n<p>En esta pagina puede encontrar la informaci\u00f3n necesaria sobre el uso de los formatos en el sitio red, internet www.pharmacavigar.it y las formas de identificarlos deshabilitarlos o eliminarlos.<br \/>\nEsta politica se puede actualizar en cualquier momento para modificar la legislaci\u00f3n actual o para cualquier cambio en la configuraci\u00f3n y el tipo de formatos utilizados.<\/p>\n<h3><strong>Que son los formatos?<\/strong><\/h3>\n<p>Los formatos son cuerdas cortas que se guardan durante la navegaci\u00f3n sobre el sitio red, sobre la computadora, el telefonop inteligente o la tabla del usuario y que permiten que nuestro sitio reconosca al usuario sucesivamente despues de la primera visita y segundo para mejorar la experiencia de uso del<br \/>\nusuario. Nuestro sistema usa formatos temporales que tienen un tiempo limitado para la visita y vienen eliminando el cierre navegador y los formatos permanentes hasta su vencimiento esperado o hasta que sean borrados manualmente por el usuario.<\/p>\n<h3><strong>Que formatos usamos y para que proposito?<\/strong><\/h3>\n<p>Este sitio usa los siguientes tipos de formatos:<\/p>\n<ul>\n<li><strong>Formatos de seccion o (tecnica)<\/strong>: temporales que permiten al usuario de acceder, a los servicios personalizados yaprovechar al maximo las caracteristicas del sitio.<\/li>\n<li><strong>Analisis del formato<\/strong>: ya sea temporales o permanentes, permiten la informaci\u00f3n agregada sobre el comportamiento de los usuarios en el sitio y por lo tanto, mejorar la experiencia y contenidos proporcionados. La informaci\u00f3n recopilada de esta manera no tiene un valor personal ya que los datos se recopilan y se analizan de forma an\u00f3nima. Utilizando espec\u00edficamente los formatos de google analizando deacuerdo con los metodos de <a href=\"https:\/\/developers.google.com\/analytics\/devguides\/collection\/analyticsjs\/cookie-usage\">nuestra pagina<\/a>.<\/li>\n<li><strong>Formato social<\/strong>: son formatos suplidos directamente desde los dominios de redes sociales que alojamos a traves de enlaces oficiales, compartiendo teclas y enlaces. El uso de estas teclas y la funcionalidad implica, el intercambio de informaci\u00f3n con estos sitios. Por lo tanto la gestion de la informaci\u00f3n y la modalidad para eliminarlos y regularlos por ellos: se invita al usuario a consultar sobre la respectiva informaci\u00f3n y sobre la privacidad de cada uno de los sitiuos en question.<\/li>\n<\/ul>\n<div><a title=\"Policy sui cookie di Facebook\" href=\"https:\/\/www.facebook.com\/about\/privacy\/cookies\" target=\"_blank\" rel=\"noopener noreferrer\">Facebook<\/a><\/div>\n<div><a title=\"Policy sui cookie di Twitter\" href=\"https:\/\/twitter.com\/privacy\" target=\"_blank\" rel=\"noopener noreferrer\">Twitter<\/a><\/div>\n<div><a title=\"Policy sui cookie di Google\" href=\"http:\/\/www.google.it\/intl\/it\/policies\/technologies\/types\/\" target=\"_blank\" rel=\"noopener noreferrer\">Google Plus \/ You Tube<\/a><\/div>\n<ul>\n<li><strong>Formatos publicitarios:<\/strong> nuestro sitio utiliza Google Adwords solo para promocionar sus servicios en la red. Nuestro sitio no utiliza listas para promover remarketing y anuncios de la red de visualizaci\u00f3n. Para recibir&nbsp;informaci\u00f3n sobre los formatos son utilizados por Google Adwords que <a href=\"https:\/\/support.google.com\/adwords\/answer\/2407785?hl=it\">lee este recurso.<\/a><\/li>\n<\/ul>\n<p>El uso de estos recursos es puramente anonimo, no se recopila ni informaci\u00f3n personal que el usuario no tiene la intencion de proporcionar de forma explicita enviando formularios de contacto o solicitando informaci\u00f3n.<\/p>\n<p>Nuestro sitio utiliza las funciones especiales de Google analisis que le permite activar caracteristicas que no estan disponibles a traves de la implementaci\u00f3n Standard. Estas caracteristicas nos permiten de recopilar datos de trafico por medio de formatos para publicidad de Google e identificadores anonimos adem\u00e1s de los datos recopilados y los formatos para publicidad de Google y los identificadores anonimos adem\u00e1s de los datos<br \/>\nrecopilados a traves de una implementaci\u00f3n standard de google analisis.<\/p>\n<p>Aclaramos que no se requiere informaci\u00f3n estrictamente personal a traves de la funcionalidad de Google analisis pero recopilamos datos agregados de la edad del genero y de las preferencias de interes de nuestros visitantes para comprender mejor el uso de nuestro sitio web y para optimizar mejor los servicios prestados.<\/p>\n<p>Las funciones publicitarias implementadas son las siguientes:<\/p>\n<ul>\n<li>Informes sobre la demografia y sobre los intereses de Google analisis<\/li>\n<\/ul>\n<h3><strong>Aceptar o rechazar los formatos y su derecho.<\/strong><\/h3>\n<p>Al navegar por nuestro sitio web usted acepta de forma implicita el uso de los formatos mencionados anteriormente de manera predeterminada, los navegadores generalmente aceptan el uso de los formatos tanto de nuestro sitio como de sitios web de terceros. Sin embargo es posible cambiar estas configuraciones y elegir entre aceptaci\u00f3n incondicional, la visualizaci\u00f3n de una ventrana emergente que requiere una accion explicita del usuario o la negativa de formatos indistintamente.<\/p>\n<p>Para administrar el uso de los formatos y para cambiar la configuraci\u00f3n del navegador aq traves de la barra de herramientas relativa. Acontinuacion se encuentran los enlaces a los recursos que describen como administrar los formatos para los navegadores mas populares:<\/p>\n<ul>\n<li><a href=\"https:\/\/support.microsoft.com\/en-gb\/help\/17442\/windows-internet-explorer-delete-manage-cookies\" target=\"_blank\" rel=\"noopener noreferrer\">Internet Explorer<\/a><u><br \/>\n<\/u><\/li>\n<li><a href=\"https:\/\/support.google.com\/accounts\/answer\/61416?co=GENIE.Platform%3DDesktop&amp;hl=en\" target=\"_blank\" rel=\"noopener noreferrer\">Chrome<\/a><\/li>\n<li><a href=\"https:\/\/support.mozilla.org\/en-US\/kb\/cookies-information-websites-store-on-your-computer\" target=\"_blank\" rel=\"noopener noreferrer\">Firefox<\/a><u><br \/>\n<\/u><\/li>\n<li><a href=\"https:\/\/help.opera.com\/en\/opera36\/personalize-the-browser\/\" target=\"_blank\" rel=\"noopener noreferrer\">Opera<\/a><\/li>\n<li><a href=\"https:\/\/support.apple.com\/it-it\/guide\/safari\/sfri11471\/mac\" target=\"_blank\" rel=\"noopener noreferrer\">Safari<\/a><\/li>\n<\/ul>\n<p>From mobile devices:<\/p>\n<ul>\n<li><a href=\"https:\/\/support.google.com\/accounts\/answer\/61416?co=GENIE.Platform%3DAndroid&amp;hl=it\" target=\"_blank\" rel=\"noopener noreferrer\">Android<\/a><\/li>\n<li><a href=\"https:\/\/www.apple.com\/legal\/privacy\/en-ww\/cookies\/\" target=\"_blank\" rel=\"noopener noreferrer\">I-Phone<\/a><\/li>\n<\/ul>\n<div id=\"tz-message-area\" class=\"col-lg-12 col-md-12 col-sm-12 col-xs-12 \">\n<section id=\"tz-component-area-wrapper\" class=\" \">\n<div id=\"component-area\" class=\"row\">\n<div id=\"tz-component-area\" class=\"col-lg-12 col-md-12 col-sm-12 col-xs-12 \">\n<section id=\"tz-component-wrapper\">\n<div id=\"tz-component\">\n<div class=\"item-page\">\n<div>\n<p>Recuerde que debe establecer preferencias en los formatos para cada dispositivo y cad navegador utilizado para navegar en internet. Para permitir que el sitio web funcione correctamente, explote su funcionalidad y uso en su totalidad, le recomendamos que acepte el uso de nuestros formatos y de la de terceros.<\/p>\n<\/div>\n<\/div>\n<\/div>\n<\/section>\n<\/div>\n<\/div>\n<\/section>\n<\/div>\n","protected":false},"excerpt":{"rendered":"<p>POLITICA DE LOS FORMATOS (Cookie) En esta pagina puede encontrar la informaci\u00f3n necesaria sobre el uso de los formatos en el sitio red, internet www.pharmacavigar.it y las formas de identificarlos deshabilitarlos o eliminarlos. Esta politica se puede actualizar en cualquier momento para modificar la legislaci\u00f3n actual o para cualquier cambio en la configuraci\u00f3n y el [&hellip;]<\/p>\n","protected":false},"author":1,"featured_media":0,"parent":0,"menu_order":0,"comment_status":"closed","ping_status":"closed","template":"","meta":{"ngg_post_thumbnail":0,"footnotes":""},"class_list":["post-28775","page","type-page","status-publish","hentry"],"yoast_head":"<!-- This site is optimized with the Yoast SEO plugin v27.5 - https:\/\/yoast.com\/product\/yoast-seo-wordpress\/ -->\n<title>Cookie Policy - Pharmacavigar<\/title>\n<meta name=\"robots\" content=\"index, follow, max-snippet:-1, max-image-preview:large, max-video-preview:-1\" \/>\n<link rel=\"canonical\" href=\"https:\/\/www.pharmacavigar.it\/es\/cookie-policy\/\" \/>\n<meta property=\"og:locale\" content=\"es_ES\" \/>\n<meta property=\"og:type\" content=\"article\" \/>\n<meta property=\"og:title\" content=\"Cookie Policy - Pharmacavigar\" \/>\n<meta property=\"og:description\" content=\"POLITICA DE LOS FORMATOS (Cookie) En esta pagina puede encontrar la informaci\u00f3n necesaria sobre el uso de los formatos en el sitio red, internet www.pharmacavigar.it y las formas de identificarlos deshabilitarlos o eliminarlos. Esta politica se puede actualizar en cualquier momento para modificar la legislaci\u00f3n actual o para cualquier cambio en la configuraci\u00f3n y el [&hellip;]\" \/>\n<meta property=\"og:url\" content=\"https:\/\/www.pharmacavigar.it\/es\/cookie-policy\/\" \/>\n<meta property=\"og:site_name\" content=\"Pharmacavigar\" \/>\n<meta property=\"article:publisher\" content=\"https:\/\/www.facebook.com\/pharmacavigar\" \/>\n<meta property=\"article:modified_time\" content=\"2020-03-09T16:00:38+00:00\" \/>\n<meta name=\"twitter:card\" content=\"summary_large_image\" \/>\n<meta name=\"twitter:site\" content=\"@pharmacavigar\" \/>\n<meta name=\"twitter:label1\" content=\"Tiempo de lectura\" \/>\n\t<meta name=\"twitter:data1\" content=\"4 minutos\" \/>\n<script type=\"application\/ld+json\" class=\"yoast-schema-graph\">{\"@context\":\"https:\\\/\\\/schema.org\",\"@graph\":[{\"@type\":\"WebPage\",\"@id\":\"https:\\\/\\\/www.pharmacavigar.it\\\/es\\\/cookie-policy\\\/\",\"url\":\"https:\\\/\\\/www.pharmacavigar.it\\\/es\\\/cookie-policy\\\/\",\"name\":\"Cookie Policy - Pharmacavigar\",\"isPartOf\":{\"@id\":\"https:\\\/\\\/www.pharmacavigar.it\\\/es\\\/#website\"},\"datePublished\":\"2020-01-28T10:38:32+00:00\",\"dateModified\":\"2020-03-09T16:00:38+00:00\",\"breadcrumb\":{\"@id\":\"https:\\\/\\\/www.pharmacavigar.it\\\/es\\\/cookie-policy\\\/#breadcrumb\"},\"inLanguage\":\"es\",\"potentialAction\":[{\"@type\":\"ReadAction\",\"target\":[\"https:\\\/\\\/www.pharmacavigar.it\\\/es\\\/cookie-policy\\\/\"]}]},{\"@type\":\"BreadcrumbList\",\"@id\":\"https:\\\/\\\/www.pharmacavigar.it\\\/es\\\/cookie-policy\\\/#breadcrumb\",\"itemListElement\":[{\"@type\":\"ListItem\",\"position\":1,\"name\":\"Home\",\"item\":\"https:\\\/\\\/www.pharmacavigar.it\\\/es\\\/\"},{\"@type\":\"ListItem\",\"position\":2,\"name\":\"Cookie Policy\"}]},{\"@type\":\"WebSite\",\"@id\":\"https:\\\/\\\/www.pharmacavigar.it\\\/es\\\/#website\",\"url\":\"https:\\\/\\\/www.pharmacavigar.it\\\/es\\\/\",\"name\":\"Pharmacavigar\",\"description\":\"Arredamento farmacie, progettazione e consulenza per farmacisti\",\"potentialAction\":[{\"@type\":\"SearchAction\",\"target\":{\"@type\":\"EntryPoint\",\"urlTemplate\":\"https:\\\/\\\/www.pharmacavigar.it\\\/es\\\/?s={search_term_string}\"},\"query-input\":{\"@type\":\"PropertyValueSpecification\",\"valueRequired\":true,\"valueName\":\"search_term_string\"}}],\"inLanguage\":\"es\"}]}<\/script>\n<!-- \/ Yoast SEO plugin. -->","yoast_head_json":{"title":"Cookie Policy - Pharmacavigar","robots":{"index":"index","follow":"follow","max-snippet":"max-snippet:-1","max-image-preview":"max-image-preview:large","max-video-preview":"max-video-preview:-1"},"canonical":"https:\/\/www.pharmacavigar.it\/es\/cookie-policy\/","og_locale":"es_ES","og_type":"article","og_title":"Cookie Policy - Pharmacavigar","og_description":"POLITICA DE LOS FORMATOS (Cookie) En esta pagina puede encontrar la informaci\u00f3n necesaria sobre el uso de los formatos en el sitio red, internet www.pharmacavigar.it y las formas de identificarlos deshabilitarlos o eliminarlos. Esta politica se puede actualizar en cualquier momento para modificar la legislaci\u00f3n actual o para cualquier cambio en la configuraci\u00f3n y el [&hellip;]","og_url":"https:\/\/www.pharmacavigar.it\/es\/cookie-policy\/","og_site_name":"Pharmacavigar","article_publisher":"https:\/\/www.facebook.com\/pharmacavigar","article_modified_time":"2020-03-09T16:00:38+00:00","twitter_card":"summary_large_image","twitter_site":"@pharmacavigar","twitter_misc":{"Tiempo de lectura":"4 minutos"},"schema":{"@context":"https:\/\/schema.org","@graph":[{"@type":"WebPage","@id":"https:\/\/www.pharmacavigar.it\/es\/cookie-policy\/","url":"https:\/\/www.pharmacavigar.it\/es\/cookie-policy\/","name":"Cookie Policy - Pharmacavigar","isPartOf":{"@id":"https:\/\/www.pharmacavigar.it\/es\/#website"},"datePublished":"2020-01-28T10:38:32+00:00","dateModified":"2020-03-09T16:00:38+00:00","breadcrumb":{"@id":"https:\/\/www.pharmacavigar.it\/es\/cookie-policy\/#breadcrumb"},"inLanguage":"es","potentialAction":[{"@type":"ReadAction","target":["https:\/\/www.pharmacavigar.it\/es\/cookie-policy\/"]}]},{"@type":"BreadcrumbList","@id":"https:\/\/www.pharmacavigar.it\/es\/cookie-policy\/#breadcrumb","itemListElement":[{"@type":"ListItem","position":1,"name":"Home","item":"https:\/\/www.pharmacavigar.it\/es\/"},{"@type":"ListItem","position":2,"name":"Cookie Policy"}]},{"@type":"WebSite","@id":"https:\/\/www.pharmacavigar.it\/es\/#website","url":"https:\/\/www.pharmacavigar.it\/es\/","name":"Pharmacavigar","description":"Arredamento farmacie, progettazione e consulenza per farmacisti","potentialAction":[{"@type":"SearchAction","target":{"@type":"EntryPoint","urlTemplate":"https:\/\/www.pharmacavigar.it\/es\/?s={search_term_string}"},"query-input":{"@type":"PropertyValueSpecification","valueRequired":true,"valueName":"search_term_string"}}],"inLanguage":"es"}]}},"_links":{"self":[{"href":"https:\/\/www.pharmacavigar.it\/es\/wp-json\/wp\/v2\/pages\/28775","targetHints":{"allow":["GET"]}}],"collection":[{"href":"https:\/\/www.pharmacavigar.it\/es\/wp-json\/wp\/v2\/pages"}],"about":[{"href":"https:\/\/www.pharmacavigar.it\/es\/wp-json\/wp\/v2\/types\/page"}],"author":[{"embeddable":true,"href":"https:\/\/www.pharmacavigar.it\/es\/wp-json\/wp\/v2\/users\/1"}],"replies":[{"embeddable":true,"href":"https:\/\/www.pharmacavigar.it\/es\/wp-json\/wp\/v2\/comments?post=28775"}],"version-history":[{"count":0,"href":"https:\/\/www.pharmacavigar.it\/es\/wp-json\/wp\/v2\/pages\/28775\/revisions"}],"wp:attachment":[{"href":"https:\/\/www.pharmacavigar.it\/es\/wp-json\/wp\/v2\/media?parent=28775"}],"curies":[{"name":"wp","href":"https:\/\/api.w.org\/{rel}","templated":true}]}}