{"id":29224,"date":"2020-03-23T09:15:57","date_gmt":"2020-03-23T09:15:57","guid":{"rendered":"http:\/\/www.pharmacavigar.it?page_id=29224"},"modified":"2020-03-26T18:05:06","modified_gmt":"2020-03-26T18:05:06","slug":"apertura-de-una-nueva-farmacia","status":"publish","type":"page","link":"https:\/\/www.pharmacavigar.it\/es\/apertura-de-una-nueva-farmacia\/","title":{"rendered":"Nueva apertura de las farmacias"},"content":{"rendered":"<section class=\"wpb-content-wrapper\"><p>[vc_row][vc_column][vc_empty_space height=\u00bb80px\u00bb]<span class=\"subtitle dash-true style-dark text-default\">Dise\u00f1amos y construimos<\/span>[vc_column_text]<\/p>\n<h1>Nueva apertura de las farmacias<\/h1>\n<p>[\/vc_column_text][vc_empty_space height=\u00bb80px\u00bb][vc_column_text]El personal de Pharmacavigar es capaz de proporcionar al cliente la solucion principal antes de la apertura de una nueva farmacia. Pharmacavigar de hecho ofrece al farmaceutico un servicio completo de 360 grados, que va desde el dise\u00f1o de la farmacia hasta el cuidado general garantizando tal \u201cproducto\u201d con todo incluido completamente funcional.<\/p>\n<p>La apertura de una nueva farmacia significa que el farmaceutico toma desiciones precisas tanto como el aspecto tecnico, como la organizaci\u00f3n del dise\u00f1o o la decoraci\u00f3n interior de la farmacia, ya sea economica-financiera o sin inversi\u00f3n.[\/vc_column_text][vc_empty_space][\/vc_column][\/vc_row][vc_row full_width=\u00bbstretch_row\u00bb equal_height=\u00bbyes\u00bb content_placement=\u00bbmiddle\u00bb][vc_column width=\u00bb2\/3&#8243;][vc_single_image image=\u00bb29829&#8243; img_size=\u00bb790\u00d71053&#8243; alignment=\u00bbcenter\u00bb css=\u00bb.vc_custom_1585152758296{padding-top: 5% !important;padding-bottom: 5% !important;}\u00bb][\/vc_column][vc_column width=\u00bb1\/3&#8243;][vc_row_inner el_class=\u00bboverlap-left\u00bb][vc_column_inner el_class=\u00bbshadow-box\u00bb]<span class=\"subtitle dash-true style-dark text-default\">Asistencia completa<\/span>[vc_column_text]<\/p>\n<h1>Nueva farmacia?<\/h1>\n<p>PharmaCavigar cuenta con un equipo de expertos tanto en el dise\u00f1o como en aspectos economicos y financieros, ofreciendo al interno de todo el proceso de la farmacia.<\/p>\n<p>Recurriendo a PharmaCavigar, el farmaceutico puede obtener consejos completos sobre los siguientes problemas:<\/p>\n<ul>\n<li><a href=\"http:\/\/www.pharmacavigar.it\/es\/dise\u00f1o-de-farmacias\">Dise\u00f1o de toda la farmacia<\/a>. Es decir la organizaci\u00f3n del dise\u00f1o, teniendo encuenta el tama\u00f1o de la propiedad:<\/li>\n<li><a href=\"http:\/\/www.pharmacavigar.it\/es\/mobiliario-de-farmacias\">Muebles de farmacia<\/a>, es decir, la opcion de accesorios de decoraci\u00f3n que llenan el entorno interno de la farmacia;<\/li>\n<li><a href=\"http:\/\/www.pharmacavigar.it\/es\/asesoria-financiera-y-fiscal\">Asistencia financiera y asesoramiento tributario<\/a> para permitir al farmaceutico tomar la mejor opcion de inversion en relacion a los propios objetivos y a la propia capacidad economica y asistirlo en el cumplimiento de todas las practicas regulatorias e impositivas que se encuentran en gestion de la farmacia.<\/li>\n<\/ul>\n<p>[\/vc_column_text]<a href=\"\/es\/contactos\" class=\"btn btn-primary arrow-right\"><span>CONTACTO<\/span><\/a>[\/vc_column_inner][\/vc_row_inner][\/vc_column][\/vc_row][vc_row][vc_column][vc_empty_space height=\u00bb80px\u00bb][\/vc_column][\/vc_row]<\/p>\n<\/section>","protected":false},"excerpt":{"rendered":"<p>[vc_row][vc_column][vc_empty_space height=\u00bb80px\u00bb][vc_column_text] Nueva apertura de las farmacias [\/vc_column_text][vc_empty_space height=\u00bb80px\u00bb][vc_column_text]El personal de Pharmacavigar es capaz de proporcionar al cliente la solucion principal antes de la apertura de una nueva farmacia. Pharmacavigar de hecho ofrece al farmaceutico un servicio completo de 360 grados, que va desde el dise\u00f1o de la farmacia hasta el cuidado general garantizando tal [&hellip;]<\/p>\n","protected":false},"author":1,"featured_media":0,"parent":0,"menu_order":0,"comment_status":"closed","ping_status":"closed","template":"page-slider.php","meta":{"ngg_post_thumbnail":0,"footnotes":""},"class_list":["post-29224","page","type-page","status-publish","hentry"],"yoast_head":"<!-- This site is optimized with the Yoast SEO plugin v27.5 - https:\/\/yoast.com\/product\/yoast-seo-wordpress\/ -->\n<title>Nueva apertura de las farmacias - Pharmacavigar<\/title>\n<meta name=\"robots\" content=\"index, follow, max-snippet:-1, max-image-preview:large, max-video-preview:-1\" \/>\n<link rel=\"canonical\" href=\"https:\/\/www.pharmacavigar.it\/es\/apertura-de-una-nueva-farmacia\/\" \/>\n<meta property=\"og:locale\" content=\"es_ES\" \/>\n<meta property=\"og:type\" content=\"article\" \/>\n<meta property=\"og:title\" content=\"Nueva apertura de las farmacias - Pharmacavigar\" \/>\n<meta property=\"og:description\" content=\"[vc_row][vc_column][vc_empty_space height=\u00bb80px\u00bb][vc_column_text] Nueva apertura de las farmacias [\/vc_column_text][vc_empty_space height=\u00bb80px\u00bb][vc_column_text]El personal de Pharmacavigar es capaz de proporcionar al cliente la solucion principal antes de la apertura de una nueva farmacia. Pharmacavigar de hecho ofrece al farmaceutico un servicio completo de 360 grados, que va desde el dise\u00f1o de la farmacia hasta el cuidado general garantizando tal [&hellip;]\" \/>\n<meta property=\"og:url\" content=\"https:\/\/www.pharmacavigar.it\/es\/apertura-de-una-nueva-farmacia\/\" \/>\n<meta property=\"og:site_name\" content=\"Pharmacavigar\" \/>\n<meta property=\"article:publisher\" content=\"https:\/\/www.facebook.com\/pharmacavigar\" \/>\n<meta property=\"article:modified_time\" content=\"2020-03-26T18:05:06+00:00\" \/>\n<meta name=\"twitter:card\" content=\"summary_large_image\" \/>\n<meta name=\"twitter:site\" content=\"@pharmacavigar\" \/>\n<meta name=\"twitter:label1\" content=\"Tiempo de lectura\" \/>\n\t<meta name=\"twitter:data1\" content=\"2 minutos\" \/>\n<script type=\"application\/ld+json\" class=\"yoast-schema-graph\">{\"@context\":\"https:\\\/\\\/schema.org\",\"@graph\":[{\"@type\":\"WebPage\",\"@id\":\"https:\\\/\\\/www.pharmacavigar.it\\\/es\\\/apertura-de-una-nueva-farmacia\\\/\",\"url\":\"https:\\\/\\\/www.pharmacavigar.it\\\/es\\\/apertura-de-una-nueva-farmacia\\\/\",\"name\":\"Nueva apertura de las farmacias - Pharmacavigar\",\"isPartOf\":{\"@id\":\"https:\\\/\\\/www.pharmacavigar.it\\\/es\\\/#website\"},\"datePublished\":\"2020-03-23T09:15:57+00:00\",\"dateModified\":\"2020-03-26T18:05:06+00:00\",\"breadcrumb\":{\"@id\":\"https:\\\/\\\/www.pharmacavigar.it\\\/es\\\/apertura-de-una-nueva-farmacia\\\/#breadcrumb\"},\"inLanguage\":\"es\",\"potentialAction\":[{\"@type\":\"ReadAction\",\"target\":[\"https:\\\/\\\/www.pharmacavigar.it\\\/es\\\/apertura-de-una-nueva-farmacia\\\/\"]}]},{\"@type\":\"BreadcrumbList\",\"@id\":\"https:\\\/\\\/www.pharmacavigar.it\\\/es\\\/apertura-de-una-nueva-farmacia\\\/#breadcrumb\",\"itemListElement\":[{\"@type\":\"ListItem\",\"position\":1,\"name\":\"Home\",\"item\":\"https:\\\/\\\/www.pharmacavigar.it\\\/es\\\/\"},{\"@type\":\"ListItem\",\"position\":2,\"name\":\"Nueva apertura de las farmacias\"}]},{\"@type\":\"WebSite\",\"@id\":\"https:\\\/\\\/www.pharmacavigar.it\\\/es\\\/#website\",\"url\":\"https:\\\/\\\/www.pharmacavigar.it\\\/es\\\/\",\"name\":\"Pharmacavigar\",\"description\":\"Arredamento farmacie, progettazione e consulenza per farmacisti\",\"potentialAction\":[{\"@type\":\"SearchAction\",\"target\":{\"@type\":\"EntryPoint\",\"urlTemplate\":\"https:\\\/\\\/www.pharmacavigar.it\\\/es\\\/?s={search_term_string}\"},\"query-input\":{\"@type\":\"PropertyValueSpecification\",\"valueRequired\":true,\"valueName\":\"search_term_string\"}}],\"inLanguage\":\"es\"}]}<\/script>\n<!-- \/ Yoast SEO plugin. -->","yoast_head_json":{"title":"Nueva apertura de las farmacias - Pharmacavigar","robots":{"index":"index","follow":"follow","max-snippet":"max-snippet:-1","max-image-preview":"max-image-preview:large","max-video-preview":"max-video-preview:-1"},"canonical":"https:\/\/www.pharmacavigar.it\/es\/apertura-de-una-nueva-farmacia\/","og_locale":"es_ES","og_type":"article","og_title":"Nueva apertura de las farmacias - Pharmacavigar","og_description":"[vc_row][vc_column][vc_empty_space height=\u00bb80px\u00bb][vc_column_text] Nueva apertura de las farmacias [\/vc_column_text][vc_empty_space height=\u00bb80px\u00bb][vc_column_text]El personal de Pharmacavigar es capaz de proporcionar al cliente la solucion principal antes de la apertura de una nueva farmacia. Pharmacavigar de hecho ofrece al farmaceutico un servicio completo de 360 grados, que va desde el dise\u00f1o de la farmacia hasta el cuidado general garantizando tal [&hellip;]","og_url":"https:\/\/www.pharmacavigar.it\/es\/apertura-de-una-nueva-farmacia\/","og_site_name":"Pharmacavigar","article_publisher":"https:\/\/www.facebook.com\/pharmacavigar","article_modified_time":"2020-03-26T18:05:06+00:00","twitter_card":"summary_large_image","twitter_site":"@pharmacavigar","twitter_misc":{"Tiempo de lectura":"2 minutos"},"schema":{"@context":"https:\/\/schema.org","@graph":[{"@type":"WebPage","@id":"https:\/\/www.pharmacavigar.it\/es\/apertura-de-una-nueva-farmacia\/","url":"https:\/\/www.pharmacavigar.it\/es\/apertura-de-una-nueva-farmacia\/","name":"Nueva apertura de las farmacias - Pharmacavigar","isPartOf":{"@id":"https:\/\/www.pharmacavigar.it\/es\/#website"},"datePublished":"2020-03-23T09:15:57+00:00","dateModified":"2020-03-26T18:05:06+00:00","breadcrumb":{"@id":"https:\/\/www.pharmacavigar.it\/es\/apertura-de-una-nueva-farmacia\/#breadcrumb"},"inLanguage":"es","potentialAction":[{"@type":"ReadAction","target":["https:\/\/www.pharmacavigar.it\/es\/apertura-de-una-nueva-farmacia\/"]}]},{"@type":"BreadcrumbList","@id":"https:\/\/www.pharmacavigar.it\/es\/apertura-de-una-nueva-farmacia\/#breadcrumb","itemListElement":[{"@type":"ListItem","position":1,"name":"Home","item":"https:\/\/www.pharmacavigar.it\/es\/"},{"@type":"ListItem","position":2,"name":"Nueva apertura de las farmacias"}]},{"@type":"WebSite","@id":"https:\/\/www.pharmacavigar.it\/es\/#website","url":"https:\/\/www.pharmacavigar.it\/es\/","name":"Pharmacavigar","description":"Arredamento farmacie, progettazione e consulenza per farmacisti","potentialAction":[{"@type":"SearchAction","target":{"@type":"EntryPoint","urlTemplate":"https:\/\/www.pharmacavigar.it\/es\/?s={search_term_string}"},"query-input":{"@type":"PropertyValueSpecification","valueRequired":true,"valueName":"search_term_string"}}],"inLanguage":"es"}]}},"_links":{"self":[{"href":"https:\/\/www.pharmacavigar.it\/es\/wp-json\/wp\/v2\/pages\/29224","targetHints":{"allow":["GET"]}}],"collection":[{"href":"https:\/\/www.pharmacavigar.it\/es\/wp-json\/wp\/v2\/pages"}],"about":[{"href":"https:\/\/www.pharmacavigar.it\/es\/wp-json\/wp\/v2\/types\/page"}],"author":[{"embeddable":true,"href":"https:\/\/www.pharmacavigar.it\/es\/wp-json\/wp\/v2\/users\/1"}],"replies":[{"embeddable":true,"href":"https:\/\/www.pharmacavigar.it\/es\/wp-json\/wp\/v2\/comments?post=29224"}],"version-history":[{"count":0,"href":"https:\/\/www.pharmacavigar.it\/es\/wp-json\/wp\/v2\/pages\/29224\/revisions"}],"wp:attachment":[{"href":"https:\/\/www.pharmacavigar.it\/es\/wp-json\/wp\/v2\/media?parent=29224"}],"curies":[{"name":"wp","href":"https:\/\/api.w.org\/{rel}","templated":true}]}}