{"id":29290,"date":"2020-02-21T08:57:07","date_gmt":"2020-02-21T08:57:07","guid":{"rendered":"http:\/\/www.pharmacavigar.it\/ristrutturazione-farmacie"},"modified":"2020-03-23T16:07:26","modified_gmt":"2020-03-23T16:07:26","slug":"restructuracion-de-farmacias","status":"publish","type":"page","link":"https:\/\/www.pharmacavigar.it\/es\/restructuracion-de-farmacias\/","title":{"rendered":"Restructuraci\u00f3n de farmacias"},"content":{"rendered":"<section class=\"wpb-content-wrapper\"><p>[vc_row][vc_column][vc_empty_space height=\u00bb80px\u00bb]<span class=\"subtitle dash-true style-dark text-default\">Dise\u00f1amos y construimos<\/span>[vc_column_text]<\/p>\n<h1>Porque reestructurar una Farmacia<\/h1>\n<p>[\/vc_column_text][vc_empty_space height=\u00bb80px\u00bb][vc_column_text]Hay muchas razones por las que reestructurar una farmacia en lugar de hacer una nueva; con medidas en el dise\u00f1o y mobiliario ya presente y posible transformar una farmacia vieja en un punto de venta agradable para la clientela moderna y mas rentable para el farmacista. Aqu\u00ed est\u00e1n algunas intervenciones propuestas por Pharmacavigar con respecto a la restructuraci\u00f3n de una farmacia:<\/p>\n<ul>\n<li>El uso de nuevos materiales sint\u00e9ticos o nobles permite al farmac\u00e9utico expresar su mejor comunicaci\u00f3n y exposici\u00f3n eliminando excesos de acciones resultando en un aumento de rotaci\u00f3n y reducci\u00f3n de costos;<\/li>\n<li>El uso de pigmentos de la luz fluorescente y esencias valiosas combinadas con iluminaci\u00f3n especifica, esto lleva al cliente una vez que ingresa a la farmacia para distinguir los productos y las marcas especializadas diversificando con ofertas especiales, las zonas calientes con juegos de luz particulares, las \u00e1reas de paso y las \u00e1reas de asesoramiento;<\/li>\n<li>la eliminaci\u00f3n de los tiempos, \u201c abandonar el cliente\u201d gracias al uso de nuevos cajones altamente modulados y debajo del banco muy profundos, que aceleran la ley de ventas y dejan mas tiempo a la relaci\u00f3n personal entre cliente y farmacista para el consejo especializado; el reajuste de este \u201c tiempo de abandono \u201d se logra finalmente con un moderno almacen mecanizado;<\/li>\n<li>Laboratorios galenicos equipados; desde peque\u00f1os laboratorios, desde farmacias no preparatorias hasta las completas, el uso de componentes espec\u00edficos, de acuerdo con la norma con l\u2019Asl de zona.<\/li>\n<\/ul>\n<p>Tambi\u00e9n por otra parte, el farmac\u00e9utico que planea reestructurar la farmacia a menudo puede disfrutar de ventajas fiscales particulares: La oficina comercial Pharmacavigar esta a disposici\u00f3n del farmacista para encontrar la mejor soluci\u00f3n posible, con contribuciones cuando sea posible disfrutar de la restructuraci\u00f3n de la farmacia.[\/vc_column_text][\/vc_column][\/vc_row][vc_row full_width=\u00bbstretch_row\u00bb equal_height=\u00bbyes\u00bb content_placement=\u00bbmiddle\u00bb][vc_column width=\u00bb2\/3&#8243;][vc_single_image image=\u00bb27166&#8243; img_size=\u00bbfull\u00bb][\/vc_column][vc_column width=\u00bb1\/3&#8243;][vc_row_inner el_class=\u00bboverlap-left\u00bb][vc_column_inner el_class=\u00bbshadow-box\u00bb offset=\u00bbvc_col-sm-offset-0&#8243;][vc_cta h2=\u00bbRecuperar clientes y aumentar las ventas.\u00bb h2_font_container=\u00bbcolor:%231daa7d\u00bb h2_use_theme_fonts=\u00bbyes\u00bb color=\u00bbgrey\u00bb use_custom_fonts_h2=\u00bbtrue\u00bb]Pharmacavigar se esforzara en la restructuraci\u00f3n de la farmacia, en parte o en su totalidad en pocos d\u00edas y aun en un solo fin de semana si la cantidad de trabajo lo permite, minimizando el desglose de la actividad normal de la farmacia.[\/vc_cta]<p class=\"text-right\"><a href=\"\/es\/contactos\" class=\"btn btn-primary arrow-right\"><span>CONTACTO<\/span><\/a><\/p>[\/vc_column_inner][\/vc_row_inner][\/vc_column][\/vc_row]<\/p>\n<\/section>","protected":false},"excerpt":{"rendered":"<p>[vc_row][vc_column][vc_empty_space height=\u00bb80px\u00bb][vc_column_text] Porque reestructurar una Farmacia [\/vc_column_text][vc_empty_space height=\u00bb80px\u00bb][vc_column_text]Hay muchas razones por las que reestructurar una farmacia en lugar de hacer una nueva; con medidas en el dise\u00f1o y mobiliario ya presente y posible transformar una farmacia vieja en un punto de venta agradable para la clientela moderna y mas rentable para el farmacista. Aqu\u00ed est\u00e1n [&hellip;]<\/p>\n","protected":false},"author":1,"featured_media":0,"parent":0,"menu_order":0,"comment_status":"closed","ping_status":"closed","template":"page-slider.php","meta":{"ngg_post_thumbnail":0,"footnotes":""},"class_list":["post-29290","page","type-page","status-publish","hentry"],"yoast_head":"<!-- This site is optimized with the Yoast SEO plugin v27.5 - https:\/\/yoast.com\/product\/yoast-seo-wordpress\/ -->\n<title>Restructuraci\u00f3n de farmacias - Pharmacavigar<\/title>\n<meta name=\"robots\" content=\"index, follow, max-snippet:-1, max-image-preview:large, max-video-preview:-1\" \/>\n<link rel=\"canonical\" href=\"https:\/\/www.pharmacavigar.it\/es\/restructuracion-de-farmacias\/\" \/>\n<meta property=\"og:locale\" content=\"es_ES\" \/>\n<meta property=\"og:type\" content=\"article\" \/>\n<meta property=\"og:title\" content=\"Restructuraci\u00f3n de farmacias - Pharmacavigar\" \/>\n<meta property=\"og:description\" content=\"[vc_row][vc_column][vc_empty_space height=\u00bb80px\u00bb][vc_column_text] Porque reestructurar una Farmacia [\/vc_column_text][vc_empty_space height=\u00bb80px\u00bb][vc_column_text]Hay muchas razones por las que reestructurar una farmacia en lugar de hacer una nueva; con medidas en el dise\u00f1o y mobiliario ya presente y posible transformar una farmacia vieja en un punto de venta agradable para la clientela moderna y mas rentable para el farmacista. Aqu\u00ed est\u00e1n [&hellip;]\" \/>\n<meta property=\"og:url\" content=\"https:\/\/www.pharmacavigar.it\/es\/restructuracion-de-farmacias\/\" \/>\n<meta property=\"og:site_name\" content=\"Pharmacavigar\" \/>\n<meta property=\"article:publisher\" content=\"https:\/\/www.facebook.com\/pharmacavigar\" \/>\n<meta property=\"article:modified_time\" content=\"2020-03-23T16:07:26+00:00\" \/>\n<meta name=\"twitter:card\" content=\"summary_large_image\" \/>\n<meta name=\"twitter:site\" content=\"@pharmacavigar\" \/>\n<meta name=\"twitter:label1\" content=\"Tiempo de lectura\" \/>\n\t<meta name=\"twitter:data1\" content=\"2 minutos\" \/>\n<script type=\"application\/ld+json\" class=\"yoast-schema-graph\">{\"@context\":\"https:\\\/\\\/schema.org\",\"@graph\":[{\"@type\":\"WebPage\",\"@id\":\"https:\\\/\\\/www.pharmacavigar.it\\\/es\\\/restructuracion-de-farmacias\\\/\",\"url\":\"https:\\\/\\\/www.pharmacavigar.it\\\/es\\\/restructuracion-de-farmacias\\\/\",\"name\":\"Restructuraci\u00f3n de farmacias - Pharmacavigar\",\"isPartOf\":{\"@id\":\"https:\\\/\\\/www.pharmacavigar.it\\\/es\\\/#website\"},\"datePublished\":\"2020-02-21T08:57:07+00:00\",\"dateModified\":\"2020-03-23T16:07:26+00:00\",\"breadcrumb\":{\"@id\":\"https:\\\/\\\/www.pharmacavigar.it\\\/es\\\/restructuracion-de-farmacias\\\/#breadcrumb\"},\"inLanguage\":\"es\",\"potentialAction\":[{\"@type\":\"ReadAction\",\"target\":[\"https:\\\/\\\/www.pharmacavigar.it\\\/es\\\/restructuracion-de-farmacias\\\/\"]}]},{\"@type\":\"BreadcrumbList\",\"@id\":\"https:\\\/\\\/www.pharmacavigar.it\\\/es\\\/restructuracion-de-farmacias\\\/#breadcrumb\",\"itemListElement\":[{\"@type\":\"ListItem\",\"position\":1,\"name\":\"Home\",\"item\":\"https:\\\/\\\/www.pharmacavigar.it\\\/es\\\/\"},{\"@type\":\"ListItem\",\"position\":2,\"name\":\"Restructuraci\u00f3n de farmacias\"}]},{\"@type\":\"WebSite\",\"@id\":\"https:\\\/\\\/www.pharmacavigar.it\\\/es\\\/#website\",\"url\":\"https:\\\/\\\/www.pharmacavigar.it\\\/es\\\/\",\"name\":\"Pharmacavigar\",\"description\":\"Arredamento farmacie, progettazione e consulenza per farmacisti\",\"potentialAction\":[{\"@type\":\"SearchAction\",\"target\":{\"@type\":\"EntryPoint\",\"urlTemplate\":\"https:\\\/\\\/www.pharmacavigar.it\\\/es\\\/?s={search_term_string}\"},\"query-input\":{\"@type\":\"PropertyValueSpecification\",\"valueRequired\":true,\"valueName\":\"search_term_string\"}}],\"inLanguage\":\"es\"}]}<\/script>\n<!-- \/ Yoast SEO plugin. -->","yoast_head_json":{"title":"Restructuraci\u00f3n de farmacias - Pharmacavigar","robots":{"index":"index","follow":"follow","max-snippet":"max-snippet:-1","max-image-preview":"max-image-preview:large","max-video-preview":"max-video-preview:-1"},"canonical":"https:\/\/www.pharmacavigar.it\/es\/restructuracion-de-farmacias\/","og_locale":"es_ES","og_type":"article","og_title":"Restructuraci\u00f3n de farmacias - Pharmacavigar","og_description":"[vc_row][vc_column][vc_empty_space height=\u00bb80px\u00bb][vc_column_text] Porque reestructurar una Farmacia [\/vc_column_text][vc_empty_space height=\u00bb80px\u00bb][vc_column_text]Hay muchas razones por las que reestructurar una farmacia en lugar de hacer una nueva; con medidas en el dise\u00f1o y mobiliario ya presente y posible transformar una farmacia vieja en un punto de venta agradable para la clientela moderna y mas rentable para el farmacista. Aqu\u00ed est\u00e1n [&hellip;]","og_url":"https:\/\/www.pharmacavigar.it\/es\/restructuracion-de-farmacias\/","og_site_name":"Pharmacavigar","article_publisher":"https:\/\/www.facebook.com\/pharmacavigar","article_modified_time":"2020-03-23T16:07:26+00:00","twitter_card":"summary_large_image","twitter_site":"@pharmacavigar","twitter_misc":{"Tiempo de lectura":"2 minutos"},"schema":{"@context":"https:\/\/schema.org","@graph":[{"@type":"WebPage","@id":"https:\/\/www.pharmacavigar.it\/es\/restructuracion-de-farmacias\/","url":"https:\/\/www.pharmacavigar.it\/es\/restructuracion-de-farmacias\/","name":"Restructuraci\u00f3n de farmacias - Pharmacavigar","isPartOf":{"@id":"https:\/\/www.pharmacavigar.it\/es\/#website"},"datePublished":"2020-02-21T08:57:07+00:00","dateModified":"2020-03-23T16:07:26+00:00","breadcrumb":{"@id":"https:\/\/www.pharmacavigar.it\/es\/restructuracion-de-farmacias\/#breadcrumb"},"inLanguage":"es","potentialAction":[{"@type":"ReadAction","target":["https:\/\/www.pharmacavigar.it\/es\/restructuracion-de-farmacias\/"]}]},{"@type":"BreadcrumbList","@id":"https:\/\/www.pharmacavigar.it\/es\/restructuracion-de-farmacias\/#breadcrumb","itemListElement":[{"@type":"ListItem","position":1,"name":"Home","item":"https:\/\/www.pharmacavigar.it\/es\/"},{"@type":"ListItem","position":2,"name":"Restructuraci\u00f3n de farmacias"}]},{"@type":"WebSite","@id":"https:\/\/www.pharmacavigar.it\/es\/#website","url":"https:\/\/www.pharmacavigar.it\/es\/","name":"Pharmacavigar","description":"Arredamento farmacie, progettazione e consulenza per farmacisti","potentialAction":[{"@type":"SearchAction","target":{"@type":"EntryPoint","urlTemplate":"https:\/\/www.pharmacavigar.it\/es\/?s={search_term_string}"},"query-input":{"@type":"PropertyValueSpecification","valueRequired":true,"valueName":"search_term_string"}}],"inLanguage":"es"}]}},"_links":{"self":[{"href":"https:\/\/www.pharmacavigar.it\/es\/wp-json\/wp\/v2\/pages\/29290","targetHints":{"allow":["GET"]}}],"collection":[{"href":"https:\/\/www.pharmacavigar.it\/es\/wp-json\/wp\/v2\/pages"}],"about":[{"href":"https:\/\/www.pharmacavigar.it\/es\/wp-json\/wp\/v2\/types\/page"}],"author":[{"embeddable":true,"href":"https:\/\/www.pharmacavigar.it\/es\/wp-json\/wp\/v2\/users\/1"}],"replies":[{"embeddable":true,"href":"https:\/\/www.pharmacavigar.it\/es\/wp-json\/wp\/v2\/comments?post=29290"}],"version-history":[{"count":0,"href":"https:\/\/www.pharmacavigar.it\/es\/wp-json\/wp\/v2\/pages\/29290\/revisions"}],"wp:attachment":[{"href":"https:\/\/www.pharmacavigar.it\/es\/wp-json\/wp\/v2\/media?parent=29290"}],"curies":[{"name":"wp","href":"https:\/\/api.w.org\/{rel}","templated":true}]}}