{"id":29309,"date":"2020-03-23T10:52:30","date_gmt":"2020-03-23T10:52:30","guid":{"rendered":"http:\/\/www.pharmacavigar.it?page_id=29309"},"modified":"2020-03-23T11:05:12","modified_gmt":"2020-03-23T11:05:12","slug":"asesoria-financiera-y-fiscal","status":"publish","type":"page","link":"https:\/\/www.pharmacavigar.it\/es\/asesoria-financiera-y-fiscal\/","title":{"rendered":"Asesoria financiera y fiscal"},"content":{"rendered":"<section class=\"wpb-content-wrapper\"><p>[vc_row][vc_column][vc_empty_space height=\u00bb80px\u00bb]<span class=\"subtitle dash-true style-dark text-default\">ASESORERIA<\/span>[vc_column_text]<\/p>\n<h1>Asesoramiento financiero para farmacias<\/h1>\n<p>[\/vc_column_text][vc_empty_space height=\u00bb80px\u00bb][vc_column_text]Un servicio adicional que Pharmacavigar ofrece es el distribuidor y la asistencia financiera con el prop\u00f3sito de aconsejar y ayudar de mejor manera al cliente farmacista en el momento de hacer una inversi\u00f3n, como por ejemplo la renovaci\u00f3n del mobiliario de la farmacia, la compra de equipo nuevo o una propiedad nueva para aumentar la superficie de la actividad. Frente a la necesidad de hacer una inversi\u00f3n, el personal administrativo de Pharmacavigar es capaz de invertir y poder apoyar las selecciones del cliente farmacista, analizando el costo y oportunidad de las operaciones y teniendo en cuenta el desempe\u00f1o econ\u00f3mico de la farmacia.<\/p>\n<p>Una vez que se entienda el volumen de inversi\u00f3n en relaci\u00f3n con la situaci\u00f3n del balance y la econom\u00eda de la farmacia, la inversi\u00f3n es una de las siguientes operaciones: Autofinanciamiento, es decir el uso de los recursos financieros inmediatamente disponible en el balance de la compa\u00f1\u00eda; aumento de capital, es decir el hallazgo de recursos externos que ser\u00e1n constituidos, una participaci\u00f3n en la empresa sin representar una deuda de un tercero; financiamiento atrav\u00e9s del descubrimiento del c\/c, la formaci\u00f3n cl\u00e1sica de financiamiento a corto plazo con el cual una instituci\u00f3n bancaria otorga un cierto cr\u00e9dito ( confianza) a la empresa a la cual se compromete a reestablecer los pagos l\u00edquidos en efectivo mediante reembolsos parciales o totales o pagos de los intereses correspondientes devengados; activaci\u00f3n de una hipoteca que representa el principal contrato de pr\u00e9stamo en los t\u00e9rminos estipulados por el instituto del cr\u00e9dito:<\/p>\n<p>Activaci\u00f3n de un pr\u00e9stamo financiero, un contrato de financiaci\u00f3n particular que permite el cambio de una tarifa regular, tener un buen instrumento para el ejercicio de la propia actividad de la compa\u00f1\u00eda, con la posibilidad de ejercer al final del contrato una opci\u00f3n para canjear la propiedad a una taza establecida en el momento del contrato. Pharmacavigar es capaz de proporcionar al farmacista la mejor soluci\u00f3n financiera para efectuar la inversi\u00f3n.[\/vc_column_text][\/vc_column][\/vc_row][vc_row full_width=\u00bbstretch_row\u00bb equal_height=\u00bbyes\u00bb content_placement=\u00bbmiddle\u00bb][vc_column width=\u00bb3\/4&#8243;][vc_single_image image=\u00bb27210&#8243; img_size=\u00bbfull\u00bb alignment=\u00bbcenter\u00bb css=\u00bb.vc_custom_1582302876368{padding-top: 5% !important;padding-bottom: 5% !important;}\u00bb][\/vc_column][vc_column width=\u00bb1\/4&#8243;][vc_row_inner el_class=\u00bboverlap-left\u00bb][vc_column_inner el_class=\u00bbshadow-box\u00bb]<span class=\"subtitle dash-true style-dark text-default\">Asistencia completa<\/span>[vc_column_text]<\/p>\n<h2>Asesoramiento fiscal para farmacias<\/h2>\n<p>Con el objetivo de proporcionar al farmacista asistencia completa de 360 grados tambi\u00e9n en la siguiente etapa de la realizaci\u00f3n de un proyecto, Pharmacavigar ofrece asesoramiento fiscal a los representantes de las farmacias. Recurriendo a Cavigar, el farmacista puede contar con un socio competente y de confianza con respecto a todas las leyes fiscales e impositivas relacionadas con la gesti\u00f3n de una farmacia.[\/vc_column_text]<a href=\"\/es\/contactos\" class=\"btn btn-primary arrow-right\"><span>CONTACTO<\/span><\/a>[\/vc_column_inner][\/vc_row_inner][\/vc_column][\/vc_row]<\/p>\n<\/section>","protected":false},"excerpt":{"rendered":"<p>[vc_row][vc_column][vc_empty_space height=\u00bb80px\u00bb][vc_column_text] Asesoramiento financiero para farmacias [\/vc_column_text][vc_empty_space height=\u00bb80px\u00bb][vc_column_text]Un servicio adicional que Pharmacavigar ofrece es el distribuidor y la asistencia financiera con el prop\u00f3sito de aconsejar y ayudar de mejor manera al cliente farmacista en el momento de hacer una inversi\u00f3n, como por ejemplo la renovaci\u00f3n del mobiliario de la farmacia, la compra de equipo nuevo [&hellip;]<\/p>\n","protected":false},"author":1,"featured_media":0,"parent":0,"menu_order":0,"comment_status":"closed","ping_status":"closed","template":"page-slider.php","meta":{"ngg_post_thumbnail":0,"footnotes":""},"class_list":["post-29309","page","type-page","status-publish","hentry"],"yoast_head":"<!-- This site is optimized with the Yoast SEO plugin v27.5 - https:\/\/yoast.com\/product\/yoast-seo-wordpress\/ -->\n<title>Asesoria financiera y fiscal - Pharmacavigar<\/title>\n<meta name=\"robots\" content=\"index, follow, max-snippet:-1, max-image-preview:large, max-video-preview:-1\" \/>\n<link rel=\"canonical\" href=\"https:\/\/www.pharmacavigar.it\/es\/asesoria-financiera-y-fiscal\/\" \/>\n<meta property=\"og:locale\" content=\"es_ES\" \/>\n<meta property=\"og:type\" content=\"article\" \/>\n<meta property=\"og:title\" content=\"Asesoria financiera y fiscal - Pharmacavigar\" \/>\n<meta property=\"og:description\" content=\"[vc_row][vc_column][vc_empty_space height=\u00bb80px\u00bb][vc_column_text] Asesoramiento financiero para farmacias [\/vc_column_text][vc_empty_space height=\u00bb80px\u00bb][vc_column_text]Un servicio adicional que Pharmacavigar ofrece es el distribuidor y la asistencia financiera con el prop\u00f3sito de aconsejar y ayudar de mejor manera al cliente farmacista en el momento de hacer una inversi\u00f3n, como por ejemplo la renovaci\u00f3n del mobiliario de la farmacia, la compra de equipo nuevo [&hellip;]\" \/>\n<meta property=\"og:url\" content=\"https:\/\/www.pharmacavigar.it\/es\/asesoria-financiera-y-fiscal\/\" \/>\n<meta property=\"og:site_name\" content=\"Pharmacavigar\" \/>\n<meta property=\"article:publisher\" content=\"https:\/\/www.facebook.com\/pharmacavigar\" \/>\n<meta property=\"article:modified_time\" content=\"2020-03-23T11:05:12+00:00\" \/>\n<meta name=\"twitter:card\" content=\"summary_large_image\" \/>\n<meta name=\"twitter:site\" content=\"@pharmacavigar\" \/>\n<meta name=\"twitter:label1\" content=\"Tiempo de lectura\" \/>\n\t<meta name=\"twitter:data1\" content=\"3 minutos\" \/>\n<script type=\"application\/ld+json\" class=\"yoast-schema-graph\">{\"@context\":\"https:\\\/\\\/schema.org\",\"@graph\":[{\"@type\":\"WebPage\",\"@id\":\"https:\\\/\\\/www.pharmacavigar.it\\\/es\\\/asesoria-financiera-y-fiscal\\\/\",\"url\":\"https:\\\/\\\/www.pharmacavigar.it\\\/es\\\/asesoria-financiera-y-fiscal\\\/\",\"name\":\"Asesoria financiera y fiscal - Pharmacavigar\",\"isPartOf\":{\"@id\":\"https:\\\/\\\/www.pharmacavigar.it\\\/es\\\/#website\"},\"datePublished\":\"2020-03-23T10:52:30+00:00\",\"dateModified\":\"2020-03-23T11:05:12+00:00\",\"breadcrumb\":{\"@id\":\"https:\\\/\\\/www.pharmacavigar.it\\\/es\\\/asesoria-financiera-y-fiscal\\\/#breadcrumb\"},\"inLanguage\":\"es\",\"potentialAction\":[{\"@type\":\"ReadAction\",\"target\":[\"https:\\\/\\\/www.pharmacavigar.it\\\/es\\\/asesoria-financiera-y-fiscal\\\/\"]}]},{\"@type\":\"BreadcrumbList\",\"@id\":\"https:\\\/\\\/www.pharmacavigar.it\\\/es\\\/asesoria-financiera-y-fiscal\\\/#breadcrumb\",\"itemListElement\":[{\"@type\":\"ListItem\",\"position\":1,\"name\":\"Home\",\"item\":\"https:\\\/\\\/www.pharmacavigar.it\\\/es\\\/\"},{\"@type\":\"ListItem\",\"position\":2,\"name\":\"Asesoria financiera y fiscal\"}]},{\"@type\":\"WebSite\",\"@id\":\"https:\\\/\\\/www.pharmacavigar.it\\\/es\\\/#website\",\"url\":\"https:\\\/\\\/www.pharmacavigar.it\\\/es\\\/\",\"name\":\"Pharmacavigar\",\"description\":\"Arredamento farmacie, progettazione e consulenza per farmacisti\",\"potentialAction\":[{\"@type\":\"SearchAction\",\"target\":{\"@type\":\"EntryPoint\",\"urlTemplate\":\"https:\\\/\\\/www.pharmacavigar.it\\\/es\\\/?s={search_term_string}\"},\"query-input\":{\"@type\":\"PropertyValueSpecification\",\"valueRequired\":true,\"valueName\":\"search_term_string\"}}],\"inLanguage\":\"es\"}]}<\/script>\n<!-- \/ Yoast SEO plugin. -->","yoast_head_json":{"title":"Asesoria financiera y fiscal - Pharmacavigar","robots":{"index":"index","follow":"follow","max-snippet":"max-snippet:-1","max-image-preview":"max-image-preview:large","max-video-preview":"max-video-preview:-1"},"canonical":"https:\/\/www.pharmacavigar.it\/es\/asesoria-financiera-y-fiscal\/","og_locale":"es_ES","og_type":"article","og_title":"Asesoria financiera y fiscal - Pharmacavigar","og_description":"[vc_row][vc_column][vc_empty_space height=\u00bb80px\u00bb][vc_column_text] Asesoramiento financiero para farmacias [\/vc_column_text][vc_empty_space height=\u00bb80px\u00bb][vc_column_text]Un servicio adicional que Pharmacavigar ofrece es el distribuidor y la asistencia financiera con el prop\u00f3sito de aconsejar y ayudar de mejor manera al cliente farmacista en el momento de hacer una inversi\u00f3n, como por ejemplo la renovaci\u00f3n del mobiliario de la farmacia, la compra de equipo nuevo [&hellip;]","og_url":"https:\/\/www.pharmacavigar.it\/es\/asesoria-financiera-y-fiscal\/","og_site_name":"Pharmacavigar","article_publisher":"https:\/\/www.facebook.com\/pharmacavigar","article_modified_time":"2020-03-23T11:05:12+00:00","twitter_card":"summary_large_image","twitter_site":"@pharmacavigar","twitter_misc":{"Tiempo de lectura":"3 minutos"},"schema":{"@context":"https:\/\/schema.org","@graph":[{"@type":"WebPage","@id":"https:\/\/www.pharmacavigar.it\/es\/asesoria-financiera-y-fiscal\/","url":"https:\/\/www.pharmacavigar.it\/es\/asesoria-financiera-y-fiscal\/","name":"Asesoria financiera y fiscal - Pharmacavigar","isPartOf":{"@id":"https:\/\/www.pharmacavigar.it\/es\/#website"},"datePublished":"2020-03-23T10:52:30+00:00","dateModified":"2020-03-23T11:05:12+00:00","breadcrumb":{"@id":"https:\/\/www.pharmacavigar.it\/es\/asesoria-financiera-y-fiscal\/#breadcrumb"},"inLanguage":"es","potentialAction":[{"@type":"ReadAction","target":["https:\/\/www.pharmacavigar.it\/es\/asesoria-financiera-y-fiscal\/"]}]},{"@type":"BreadcrumbList","@id":"https:\/\/www.pharmacavigar.it\/es\/asesoria-financiera-y-fiscal\/#breadcrumb","itemListElement":[{"@type":"ListItem","position":1,"name":"Home","item":"https:\/\/www.pharmacavigar.it\/es\/"},{"@type":"ListItem","position":2,"name":"Asesoria financiera y fiscal"}]},{"@type":"WebSite","@id":"https:\/\/www.pharmacavigar.it\/es\/#website","url":"https:\/\/www.pharmacavigar.it\/es\/","name":"Pharmacavigar","description":"Arredamento farmacie, progettazione e consulenza per farmacisti","potentialAction":[{"@type":"SearchAction","target":{"@type":"EntryPoint","urlTemplate":"https:\/\/www.pharmacavigar.it\/es\/?s={search_term_string}"},"query-input":{"@type":"PropertyValueSpecification","valueRequired":true,"valueName":"search_term_string"}}],"inLanguage":"es"}]}},"_links":{"self":[{"href":"https:\/\/www.pharmacavigar.it\/es\/wp-json\/wp\/v2\/pages\/29309","targetHints":{"allow":["GET"]}}],"collection":[{"href":"https:\/\/www.pharmacavigar.it\/es\/wp-json\/wp\/v2\/pages"}],"about":[{"href":"https:\/\/www.pharmacavigar.it\/es\/wp-json\/wp\/v2\/types\/page"}],"author":[{"embeddable":true,"href":"https:\/\/www.pharmacavigar.it\/es\/wp-json\/wp\/v2\/users\/1"}],"replies":[{"embeddable":true,"href":"https:\/\/www.pharmacavigar.it\/es\/wp-json\/wp\/v2\/comments?post=29309"}],"version-history":[{"count":0,"href":"https:\/\/www.pharmacavigar.it\/es\/wp-json\/wp\/v2\/pages\/29309\/revisions"}],"wp:attachment":[{"href":"https:\/\/www.pharmacavigar.it\/es\/wp-json\/wp\/v2\/media?parent=29309"}],"curies":[{"name":"wp","href":"https:\/\/api.w.org\/{rel}","templated":true}]}}