{"id":29329,"date":"2020-02-21T10:14:57","date_gmt":"2020-02-21T10:14:57","guid":{"rendered":"http:\/\/www.pharmacavigar.it\/marketing-consultancy"},"modified":"2020-03-23T11:21:08","modified_gmt":"2020-03-23T11:21:08","slug":"asesoria-de-mercado","status":"publish","type":"page","link":"https:\/\/www.pharmacavigar.it\/es\/asesoria-de-mercado\/","title":{"rendered":"Asesoria de mercado"},"content":{"rendered":"<section class=\"wpb-content-wrapper\"><p>[vc_row css=\u00bb.vc_custom_1582303310228{padding-top: 80px !important;background-image: url(http:\/\/www.http:\/\/www.pharmacavigar.it\/wp-content\/uploads\/2018\/03\/vertical-lines-3.png?id=9174) !important;background-position: 0 0 !important;background-repeat: repeat !important;}\u00bb][vc_column]<span class=\"subtitle dash-true style-dark text-default\">CONSULTING<\/span>[vc_column_text css=\u00bb.vc_custom_1584962381348{padding-bottom: 90px !important;}\u00bb]<\/p>\n<h1>Asesoria de mercado<\/h1>\n<p>[\/vc_column_text][vc_empty_space height=\u00bb80px\u00bb][vc_column_text]Y es un hecho que la farmacia ya no es el lugar donde el farmacista proporciona al paciente medicamentos recetados por el medico sobre la receta; ahora sobretodo y el d\u00eda de ma\u00f1ana la farmacia deber\u00e1 ser un moderno punto de venta en el cual se satisface las nuevas exigencias del cliente relativamente para la salud y bienestar. El papel del farmacista deber\u00e1 a su vez integrarse en los propios conocimientos farmac\u00e9uticos con sus habilidades y experiencia en gesti\u00f3n y econom\u00eda de marketing.<\/p>\n<p>El farmacista deber\u00e1 tener un enfoque orientado al desempe\u00f1o econ\u00f3mico, a la consolidaci\u00f3n de la clientela para la adquisici\u00f3n de nuevos clientes en relaci\u00f3n a la capacidad de ganar nuevos cliente en relaci\u00f3n al lugar donde se buscan, es la totalidad de clientes a los que se quiere llegar.<\/p>\n<blockquote><p>Este cambio de paradigma introduce la gesti\u00f3n en una farmacia, si embargo, implica alg\u00fan esfuerzo por el farmacista que normalmente se encuentran en su gesti\u00f3n y comercializaci\u00f3n.<\/p><\/blockquote>\n<p>Por este motivo el staff de Pharmacavigar se encuentra compuesto no solo de dise\u00f1adores sino tambi\u00e9n de t\u00e9cnicos comerciales y farmacista, ofrece un precioso servicio de asesora estrat\u00e9gica, con el objetivo de transformar la farmacia en un ambiente aun mas agradable para los clientes y mas rentable para el farmacista.[\/vc_column_text][vc_single_image image=\u00bb27190&#8243; img_size=\u00bbfull\u00bb alignment=\u00bbright\u00bb style=\u00bbvc_box_rounded\u00bb css=\u00bb.vc_custom_1582280359912{padding-top: 5% !important;padding-bottom: 5% !important;}\u00bb][vc_column_text]El staff de Pharmacavigar va a desarrollar un plan de marketing real con el farmac\u00e9utico partiendo de sus objetivos principales y desarrollando las acciones a implementar. El punto de partida para el plan de marketing ya esta determinado por los objetivos que desea alcanzar con relaci\u00f3n al banco de clientes a los que se quiere llegar proporcionado por la farmacia. En esta fase fundamental se identifican las fuentes de medicamentos recetados tales como ambulatorios m\u00e9dicos, cl\u00ednicas privadas o centros de rehabilitaci\u00f3n y sobre todo analizar a la competencia, que no se limita a otras farmacias en vivo sino tambi\u00e9n a otros puntos de venta que ofrecen los mismos productos y servicios como farmacias, herbolarios, perfumer\u00edas y puntos de ventas de supermercados.<\/p>\n<p>A este punto el farmacista puede tener una idea clara del funcionamiento de demanda y oferta de salud y bienestar al interno del territorio a desarrollar su propio grupo de clientes distintivos, investigar cuales son los mejores productos y servicios para ofrecer y para satisfacer las exigencias de salud y bienestar de los clientes atrav\u00e9s de la farmacia en su propio territorio.<\/p>\n<blockquote><p>En este punto intervienen las estrategias del marketing operativo, que para una farmacia se traduce as\u00ed como una selecci\u00f3n precisa de productos para la venta libre y los servicios en relaci\u00f3n a la pol\u00edtica del precio en el dise\u00f1o y mercado visual, dos elementos de la oficina de dise\u00f1o de Pharmacavigar es capas de desarrollar con el m\u00e1ximo profesionalismo.<\/p><\/blockquote>\n<p>Con el farmacista se debe pensar en la comunicaci\u00f3n para generar un nuevo trafico de clientes potenciales para la farmacia: adem\u00e1s de las herramientas cl\u00e1sicas, como volantes para ser distribuidos en las cl\u00ednicas ambulatorias, la red hoy suministra muchos medios en una forma selectiva y eficaz, por ejemplo atrav\u00e9s de un sitio Web o una pagina de Factbook, tambi\u00e9n es \u00fatil para recopilar o enviar comentarios.[\/vc_column_text][vc_empty_space height=\u00bb80px\u00bb][vc_cta h2=\u00bbEstrategias efectivas para su farmacia\u00bb h2_font_container=\u00bbcolor:%231daa7d\u00bb h2_use_theme_fonts=\u00bbyes\u00bb color=\u00bbgrey\u00bb add_button=\u00bbright\u00bb btn_title=\u00bbCONTACTO\u00bb btn_style=\u00bbgradient-custom\u00bb btn_gradient_custom_color_1=\u00bb#1daa7d\u00bb btn_gradient_custom_color_2=\u00bb#1daa7d\u00bb btn_shape=\u00bbsquare\u00bb btn_size=\u00bblg\u00bb use_custom_fonts_h2=\u00bbtrue\u00bb btn_link=\u00bburl:%2Fes%2Fcontactos|title:Contatti||\u00bb]Finalmente es apropiado medir el impacto de la acci\u00f3n formada en el desempe\u00f1o de la farmacia, para entender los objetivos econ\u00f3micos que se han logrado en resumen, administrar una farmacia exitosa hoy tiene implicaciones que van mas all\u00e1 del mero conocimiento farmac\u00e9utico. Por esta raz\u00f3n Pharmacavigar es capaz de ayudar a los farmac\u00e9uticos a desarrollar estrategias efectivas para su farmacia.[\/vc_cta][\/vc_column][\/vc_row]<\/p>\n<\/section>","protected":false},"excerpt":{"rendered":"<p>[vc_row css=\u00bb.vc_custom_1582303310228{padding-top: 80px !important;background-image: url(http:\/\/www.http:\/\/www.pharmacavigar.it\/wp-content\/uploads\/2018\/03\/vertical-lines-3.png?id=9174) !important;background-position: 0 0 !important;background-repeat: repeat !important;}\u00bb][vc_column][vc_column_text css=\u00bb.vc_custom_1584962381348{padding-bottom: 90px !important;}\u00bb] Asesoria de mercado [\/vc_column_text][vc_empty_space height=\u00bb80px\u00bb][vc_column_text]Y es un hecho que la farmacia ya no es el lugar donde el farmacista proporciona al paciente medicamentos recetados por el medico sobre la receta; ahora sobretodo y el d\u00eda de ma\u00f1ana la farmacia deber\u00e1 ser [&hellip;]<\/p>\n","protected":false},"author":1,"featured_media":0,"parent":0,"menu_order":0,"comment_status":"closed","ping_status":"closed","template":"page-slider.php","meta":{"ngg_post_thumbnail":0,"footnotes":""},"class_list":["post-29329","page","type-page","status-publish","hentry"],"yoast_head":"<!-- This site is optimized with the Yoast SEO plugin v27.5 - https:\/\/yoast.com\/product\/yoast-seo-wordpress\/ -->\n<title>Asesoria de mercado - Pharmacavigar<\/title>\n<meta name=\"robots\" content=\"index, follow, max-snippet:-1, max-image-preview:large, max-video-preview:-1\" \/>\n<link rel=\"canonical\" href=\"https:\/\/www.pharmacavigar.it\/es\/asesoria-de-mercado\/\" \/>\n<meta property=\"og:locale\" content=\"es_ES\" \/>\n<meta property=\"og:type\" content=\"article\" \/>\n<meta property=\"og:title\" content=\"Asesoria de mercado - Pharmacavigar\" \/>\n<meta property=\"og:description\" content=\"[vc_row css=\u00bb.vc_custom_1582303310228{padding-top: 80px !important;background-image: url(http:\/\/www.http:\/\/www.pharmacavigar.it\/wp-content\/uploads\/2018\/03\/vertical-lines-3.png?id=9174) !important;background-position: 0 0 !important;background-repeat: repeat !important;}\u00bb][vc_column][vc_column_text css=\u00bb.vc_custom_1584962381348{padding-bottom: 90px !important;}\u00bb] Asesoria de mercado [\/vc_column_text][vc_empty_space height=\u00bb80px\u00bb][vc_column_text]Y es un hecho que la farmacia ya no es el lugar donde el farmacista proporciona al paciente medicamentos recetados por el medico sobre la receta; ahora sobretodo y el d\u00eda de ma\u00f1ana la farmacia deber\u00e1 ser [&hellip;]\" \/>\n<meta property=\"og:url\" content=\"https:\/\/www.pharmacavigar.it\/es\/asesoria-de-mercado\/\" \/>\n<meta property=\"og:site_name\" content=\"Pharmacavigar\" \/>\n<meta property=\"article:publisher\" content=\"https:\/\/www.facebook.com\/pharmacavigar\" \/>\n<meta property=\"article:modified_time\" content=\"2020-03-23T11:21:08+00:00\" \/>\n<meta name=\"twitter:card\" content=\"summary_large_image\" \/>\n<meta name=\"twitter:site\" content=\"@pharmacavigar\" \/>\n<meta name=\"twitter:label1\" content=\"Tiempo de lectura\" \/>\n\t<meta name=\"twitter:data1\" content=\"4 minutos\" \/>\n<script type=\"application\/ld+json\" class=\"yoast-schema-graph\">{\"@context\":\"https:\\\/\\\/schema.org\",\"@graph\":[{\"@type\":\"WebPage\",\"@id\":\"https:\\\/\\\/www.pharmacavigar.it\\\/es\\\/asesoria-de-mercado\\\/\",\"url\":\"https:\\\/\\\/www.pharmacavigar.it\\\/es\\\/asesoria-de-mercado\\\/\",\"name\":\"Asesoria de mercado - Pharmacavigar\",\"isPartOf\":{\"@id\":\"https:\\\/\\\/www.pharmacavigar.it\\\/es\\\/#website\"},\"datePublished\":\"2020-02-21T10:14:57+00:00\",\"dateModified\":\"2020-03-23T11:21:08+00:00\",\"breadcrumb\":{\"@id\":\"https:\\\/\\\/www.pharmacavigar.it\\\/es\\\/asesoria-de-mercado\\\/#breadcrumb\"},\"inLanguage\":\"es\",\"potentialAction\":[{\"@type\":\"ReadAction\",\"target\":[\"https:\\\/\\\/www.pharmacavigar.it\\\/es\\\/asesoria-de-mercado\\\/\"]}]},{\"@type\":\"BreadcrumbList\",\"@id\":\"https:\\\/\\\/www.pharmacavigar.it\\\/es\\\/asesoria-de-mercado\\\/#breadcrumb\",\"itemListElement\":[{\"@type\":\"ListItem\",\"position\":1,\"name\":\"Home\",\"item\":\"https:\\\/\\\/www.pharmacavigar.it\\\/es\\\/\"},{\"@type\":\"ListItem\",\"position\":2,\"name\":\"Asesoria de mercado\"}]},{\"@type\":\"WebSite\",\"@id\":\"https:\\\/\\\/www.pharmacavigar.it\\\/es\\\/#website\",\"url\":\"https:\\\/\\\/www.pharmacavigar.it\\\/es\\\/\",\"name\":\"Pharmacavigar\",\"description\":\"Arredamento farmacie, progettazione e consulenza per farmacisti\",\"potentialAction\":[{\"@type\":\"SearchAction\",\"target\":{\"@type\":\"EntryPoint\",\"urlTemplate\":\"https:\\\/\\\/www.pharmacavigar.it\\\/es\\\/?s={search_term_string}\"},\"query-input\":{\"@type\":\"PropertyValueSpecification\",\"valueRequired\":true,\"valueName\":\"search_term_string\"}}],\"inLanguage\":\"es\"}]}<\/script>\n<!-- \/ Yoast SEO plugin. -->","yoast_head_json":{"title":"Asesoria de mercado - Pharmacavigar","robots":{"index":"index","follow":"follow","max-snippet":"max-snippet:-1","max-image-preview":"max-image-preview:large","max-video-preview":"max-video-preview:-1"},"canonical":"https:\/\/www.pharmacavigar.it\/es\/asesoria-de-mercado\/","og_locale":"es_ES","og_type":"article","og_title":"Asesoria de mercado - Pharmacavigar","og_description":"[vc_row css=\u00bb.vc_custom_1582303310228{padding-top: 80px !important;background-image: url(http:\/\/www.http:\/\/www.pharmacavigar.it\/wp-content\/uploads\/2018\/03\/vertical-lines-3.png?id=9174) !important;background-position: 0 0 !important;background-repeat: repeat !important;}\u00bb][vc_column][vc_column_text css=\u00bb.vc_custom_1584962381348{padding-bottom: 90px !important;}\u00bb] Asesoria de mercado [\/vc_column_text][vc_empty_space height=\u00bb80px\u00bb][vc_column_text]Y es un hecho que la farmacia ya no es el lugar donde el farmacista proporciona al paciente medicamentos recetados por el medico sobre la receta; ahora sobretodo y el d\u00eda de ma\u00f1ana la farmacia deber\u00e1 ser [&hellip;]","og_url":"https:\/\/www.pharmacavigar.it\/es\/asesoria-de-mercado\/","og_site_name":"Pharmacavigar","article_publisher":"https:\/\/www.facebook.com\/pharmacavigar","article_modified_time":"2020-03-23T11:21:08+00:00","twitter_card":"summary_large_image","twitter_site":"@pharmacavigar","twitter_misc":{"Tiempo de lectura":"4 minutos"},"schema":{"@context":"https:\/\/schema.org","@graph":[{"@type":"WebPage","@id":"https:\/\/www.pharmacavigar.it\/es\/asesoria-de-mercado\/","url":"https:\/\/www.pharmacavigar.it\/es\/asesoria-de-mercado\/","name":"Asesoria de mercado - Pharmacavigar","isPartOf":{"@id":"https:\/\/www.pharmacavigar.it\/es\/#website"},"datePublished":"2020-02-21T10:14:57+00:00","dateModified":"2020-03-23T11:21:08+00:00","breadcrumb":{"@id":"https:\/\/www.pharmacavigar.it\/es\/asesoria-de-mercado\/#breadcrumb"},"inLanguage":"es","potentialAction":[{"@type":"ReadAction","target":["https:\/\/www.pharmacavigar.it\/es\/asesoria-de-mercado\/"]}]},{"@type":"BreadcrumbList","@id":"https:\/\/www.pharmacavigar.it\/es\/asesoria-de-mercado\/#breadcrumb","itemListElement":[{"@type":"ListItem","position":1,"name":"Home","item":"https:\/\/www.pharmacavigar.it\/es\/"},{"@type":"ListItem","position":2,"name":"Asesoria de mercado"}]},{"@type":"WebSite","@id":"https:\/\/www.pharmacavigar.it\/es\/#website","url":"https:\/\/www.pharmacavigar.it\/es\/","name":"Pharmacavigar","description":"Arredamento farmacie, progettazione e consulenza per farmacisti","potentialAction":[{"@type":"SearchAction","target":{"@type":"EntryPoint","urlTemplate":"https:\/\/www.pharmacavigar.it\/es\/?s={search_term_string}"},"query-input":{"@type":"PropertyValueSpecification","valueRequired":true,"valueName":"search_term_string"}}],"inLanguage":"es"}]}},"_links":{"self":[{"href":"https:\/\/www.pharmacavigar.it\/es\/wp-json\/wp\/v2\/pages\/29329","targetHints":{"allow":["GET"]}}],"collection":[{"href":"https:\/\/www.pharmacavigar.it\/es\/wp-json\/wp\/v2\/pages"}],"about":[{"href":"https:\/\/www.pharmacavigar.it\/es\/wp-json\/wp\/v2\/types\/page"}],"author":[{"embeddable":true,"href":"https:\/\/www.pharmacavigar.it\/es\/wp-json\/wp\/v2\/users\/1"}],"replies":[{"embeddable":true,"href":"https:\/\/www.pharmacavigar.it\/es\/wp-json\/wp\/v2\/comments?post=29329"}],"version-history":[{"count":0,"href":"https:\/\/www.pharmacavigar.it\/es\/wp-json\/wp\/v2\/pages\/29329\/revisions"}],"wp:attachment":[{"href":"https:\/\/www.pharmacavigar.it\/es\/wp-json\/wp\/v2\/media?parent=29329"}],"curies":[{"name":"wp","href":"https:\/\/api.w.org\/{rel}","templated":true}]}}