{"id":29335,"date":"2020-02-21T13:59:23","date_gmt":"2020-02-21T13:59:23","guid":{"rendered":"http:\/\/www.pharmacavigar.it\/visual-merchandising-geomarketing"},"modified":"2020-03-25T17:47:33","modified_gmt":"2020-03-25T17:47:33","slug":"mercado-visual-geomercado","status":"publish","type":"page","link":"https:\/\/www.pharmacavigar.it\/es\/mercado-visual-geomercado\/","title":{"rendered":"Mercado visual geomercado"},"content":{"rendered":"<section class=\"wpb-content-wrapper\"><p>[vc_row][vc_column][vc_empty_space height=\u00bb80px\u00bb]<span class=\"subtitle dash-true style-dark text-default\">consulting<\/span>[vc_column_text]<\/p>\n<h1>Visual Merchandising &amp; Geomarketing<\/h1>\n<p>[\/vc_column_text][vc_empty_space height=\u00bb80px\u00bb][vc_column_text]Geomarketing es un enfoque de marketing que utiliza la informaci\u00f3n relacionada con el territorio para analizar, planificar e implementar actividades de marketing y conocimiento del territorio y con el objetivo de hacer que las decisiones y actividades sean mas efectivas y eficientes y a la vez las decisiones y la actividad de comunicaci\u00f3n, ventas, distribuci\u00f3n y servicio al cliente. El <strong>Geomarketing es una disciplina del marketing<\/strong> que permite dictar datos num\u00e9ricos sobre el territorio selectivamente para llevar acabo los an\u00e1lisis y se subdivide de acuerdo con la dimensi\u00f3n informativa minima.<\/p>\n<p>Cuando se habla de Geomarketing con referencia a las farmacias, se entiende c\u00f3mo red farmac\u00e9utica (farmacias comunales y privadas) georeferenciado en todo el territorio italiano al cual llegan par\u00e1metros asociados como las personas que descubren el consumo de material terap\u00e9utico y el cuidado de las personas analizando en los caminos individuales incluidos en el mercado objetivo. Los servicios de Geomarketing responden a la creciente exigencia de tener instrumentos en grado de facilitar los <strong>an\u00e1lisis relativos a decisiones estrat\u00e9gicas<\/strong> como las nuevas aperturas de farmacias, la gesti\u00f3n en el \u00e1rea de ventas y el lanzamiento de nuevos productos.[\/vc_column_text][\/vc_column][\/vc_row][vc_row full_width=\u00bbstretch_row\u00bb equal_height=\u00bbyes\u00bb content_placement=\u00bbmiddle\u00bb][vc_column width=\u00bb3\/4&#8243;][vc_single_image image=\u00bb29889&#8243; img_size=\u00bb893&#215;595&#8243; alignment=\u00bbcenter\u00bb style=\u00bbvc_box_rounded\u00bb css=\u00bb.vc_custom_1585158448773{padding-top: 5% !important;padding-bottom: 5% !important;}\u00bb][\/vc_column][vc_column width=\u00bb1\/4&#8243;][vc_row_inner el_class=\u00bboverlap-left\u00bb][vc_column_inner el_class=\u00bbshadow-box\u00bb offset=\u00bbvc_col-md-offset-0 vc_col-sm-offset-0&#8243;]<span class=\"subtitle dash-true style-dark text-default\">CONSULTING<\/span>[vc_column_text]<\/p>\n<h2>Mercanc\u00eda visual<\/h2>\n<p>Con el termino de mercanc\u00eda visual se define todo el conjunto de operaciones que colocan el producto en el interno del punto de venta en sinton\u00eda con las selecciones del formato (o estrategia comercial) y que se refieren al sistema de exhibici\u00f3n, la configuraci\u00f3n, la iluminaci\u00f3n, los gr\u00e1ficos. La traducci\u00f3n literal y <strong>\u201c visualizaci\u00f3n de mercanc\u00edas\u201d<\/strong> indica una serie de operaciones mas complejas que una simple exposici\u00f3n de productos: un lenguaje comercial creativo.<\/p>\n<p>Generalmente se relacionan con la atmosfera producida por los est\u00edmulos sensoriales que el producto expuesto y capas de inducir al cliente a atraer mas la atenci\u00f3n y aumentar el volumen de ventas. Los puntos clave de una correcta exposici\u00f3n de los productos de una farmacia est\u00e1n encerrados en los formas principales mas impactantes: visibilidad especifica y segregada, la divisi\u00f3n de productos en<strong> \u201cpuntos focales y puntos de exhibici\u00f3n\u201d<\/strong> el estudio de los flujos y el resultado de un proceso en gesti\u00f3n macroscopico para maximizar las ventas y beneficios.[\/vc_column_text]<a href=\"\/es\/contactos\" class=\"btn btn-primary arrow-right\"><span>CONTACTO<\/span><\/a>[\/vc_column_inner][\/vc_row_inner][\/vc_column][\/vc_row]<\/p>\n<\/section>","protected":false},"excerpt":{"rendered":"<p>[vc_row][vc_column][vc_empty_space height=\u00bb80px\u00bb][vc_column_text] Visual Merchandising &amp; Geomarketing [\/vc_column_text][vc_empty_space height=\u00bb80px\u00bb][vc_column_text]Geomarketing es un enfoque de marketing que utiliza la informaci\u00f3n relacionada con el territorio para analizar, planificar e implementar actividades de marketing y conocimiento del territorio y con el objetivo de hacer que las decisiones y actividades sean mas efectivas y eficientes y a la vez las decisiones [&hellip;]<\/p>\n","protected":false},"author":1,"featured_media":0,"parent":0,"menu_order":0,"comment_status":"closed","ping_status":"closed","template":"page-slider.php","meta":{"ngg_post_thumbnail":0,"footnotes":""},"class_list":["post-29335","page","type-page","status-publish","hentry"],"yoast_head":"<!-- This site is optimized with the Yoast SEO plugin v27.5 - https:\/\/yoast.com\/product\/yoast-seo-wordpress\/ -->\n<title>Visual Merchandising en farmacias y geomarketing para farmac\u00e9uticos<\/title>\n<meta name=\"robots\" content=\"index, follow, max-snippet:-1, max-image-preview:large, max-video-preview:-1\" \/>\n<link rel=\"canonical\" href=\"https:\/\/www.pharmacavigar.it\/es\/mercado-visual-geomercado\/\" \/>\n<meta property=\"og:locale\" content=\"es_ES\" \/>\n<meta property=\"og:type\" content=\"article\" \/>\n<meta property=\"og:title\" content=\"Visual Merchandising en farmacias y geomarketing para farmac\u00e9uticos\" \/>\n<meta property=\"og:description\" content=\"[vc_row][vc_column][vc_empty_space height=\u00bb80px\u00bb][vc_column_text] Visual Merchandising &amp; Geomarketing [\/vc_column_text][vc_empty_space height=\u00bb80px\u00bb][vc_column_text]Geomarketing es un enfoque de marketing que utiliza la informaci\u00f3n relacionada con el territorio para analizar, planificar e implementar actividades de marketing y conocimiento del territorio y con el objetivo de hacer que las decisiones y actividades sean mas efectivas y eficientes y a la vez las decisiones [&hellip;]\" \/>\n<meta property=\"og:url\" content=\"https:\/\/www.pharmacavigar.it\/es\/mercado-visual-geomercado\/\" \/>\n<meta property=\"og:site_name\" content=\"Pharmacavigar\" \/>\n<meta property=\"article:publisher\" content=\"https:\/\/www.facebook.com\/pharmacavigar\" \/>\n<meta property=\"article:modified_time\" content=\"2020-03-25T17:47:33+00:00\" \/>\n<meta name=\"twitter:card\" content=\"summary_large_image\" \/>\n<meta name=\"twitter:site\" content=\"@pharmacavigar\" \/>\n<meta name=\"twitter:label1\" content=\"Tiempo de lectura\" \/>\n\t<meta name=\"twitter:data1\" content=\"2 minutos\" \/>\n<script type=\"application\/ld+json\" class=\"yoast-schema-graph\">{\"@context\":\"https:\\\/\\\/schema.org\",\"@graph\":[{\"@type\":\"WebPage\",\"@id\":\"https:\\\/\\\/www.pharmacavigar.it\\\/es\\\/mercado-visual-geomercado\\\/\",\"url\":\"https:\\\/\\\/www.pharmacavigar.it\\\/es\\\/mercado-visual-geomercado\\\/\",\"name\":\"Visual Merchandising en farmacias y geomarketing para farmac\u00e9uticos\",\"isPartOf\":{\"@id\":\"https:\\\/\\\/www.pharmacavigar.it\\\/es\\\/#website\"},\"datePublished\":\"2020-02-21T13:59:23+00:00\",\"dateModified\":\"2020-03-25T17:47:33+00:00\",\"breadcrumb\":{\"@id\":\"https:\\\/\\\/www.pharmacavigar.it\\\/es\\\/mercado-visual-geomercado\\\/#breadcrumb\"},\"inLanguage\":\"es\",\"potentialAction\":[{\"@type\":\"ReadAction\",\"target\":[\"https:\\\/\\\/www.pharmacavigar.it\\\/es\\\/mercado-visual-geomercado\\\/\"]}]},{\"@type\":\"BreadcrumbList\",\"@id\":\"https:\\\/\\\/www.pharmacavigar.it\\\/es\\\/mercado-visual-geomercado\\\/#breadcrumb\",\"itemListElement\":[{\"@type\":\"ListItem\",\"position\":1,\"name\":\"Home\",\"item\":\"https:\\\/\\\/www.pharmacavigar.it\\\/es\\\/\"},{\"@type\":\"ListItem\",\"position\":2,\"name\":\"Mercado visual geomercado\"}]},{\"@type\":\"WebSite\",\"@id\":\"https:\\\/\\\/www.pharmacavigar.it\\\/es\\\/#website\",\"url\":\"https:\\\/\\\/www.pharmacavigar.it\\\/es\\\/\",\"name\":\"Pharmacavigar\",\"description\":\"Arredamento farmacie, progettazione e consulenza per farmacisti\",\"potentialAction\":[{\"@type\":\"SearchAction\",\"target\":{\"@type\":\"EntryPoint\",\"urlTemplate\":\"https:\\\/\\\/www.pharmacavigar.it\\\/es\\\/?s={search_term_string}\"},\"query-input\":{\"@type\":\"PropertyValueSpecification\",\"valueRequired\":true,\"valueName\":\"search_term_string\"}}],\"inLanguage\":\"es\"}]}<\/script>\n<!-- \/ Yoast SEO plugin. -->","yoast_head_json":{"title":"Visual Merchandising en farmacias y geomarketing para farmac\u00e9uticos","robots":{"index":"index","follow":"follow","max-snippet":"max-snippet:-1","max-image-preview":"max-image-preview:large","max-video-preview":"max-video-preview:-1"},"canonical":"https:\/\/www.pharmacavigar.it\/es\/mercado-visual-geomercado\/","og_locale":"es_ES","og_type":"article","og_title":"Visual Merchandising en farmacias y geomarketing para farmac\u00e9uticos","og_description":"[vc_row][vc_column][vc_empty_space height=\u00bb80px\u00bb][vc_column_text] Visual Merchandising &amp; Geomarketing [\/vc_column_text][vc_empty_space height=\u00bb80px\u00bb][vc_column_text]Geomarketing es un enfoque de marketing que utiliza la informaci\u00f3n relacionada con el territorio para analizar, planificar e implementar actividades de marketing y conocimiento del territorio y con el objetivo de hacer que las decisiones y actividades sean mas efectivas y eficientes y a la vez las decisiones [&hellip;]","og_url":"https:\/\/www.pharmacavigar.it\/es\/mercado-visual-geomercado\/","og_site_name":"Pharmacavigar","article_publisher":"https:\/\/www.facebook.com\/pharmacavigar","article_modified_time":"2020-03-25T17:47:33+00:00","twitter_card":"summary_large_image","twitter_site":"@pharmacavigar","twitter_misc":{"Tiempo de lectura":"2 minutos"},"schema":{"@context":"https:\/\/schema.org","@graph":[{"@type":"WebPage","@id":"https:\/\/www.pharmacavigar.it\/es\/mercado-visual-geomercado\/","url":"https:\/\/www.pharmacavigar.it\/es\/mercado-visual-geomercado\/","name":"Visual Merchandising en farmacias y geomarketing para farmac\u00e9uticos","isPartOf":{"@id":"https:\/\/www.pharmacavigar.it\/es\/#website"},"datePublished":"2020-02-21T13:59:23+00:00","dateModified":"2020-03-25T17:47:33+00:00","breadcrumb":{"@id":"https:\/\/www.pharmacavigar.it\/es\/mercado-visual-geomercado\/#breadcrumb"},"inLanguage":"es","potentialAction":[{"@type":"ReadAction","target":["https:\/\/www.pharmacavigar.it\/es\/mercado-visual-geomercado\/"]}]},{"@type":"BreadcrumbList","@id":"https:\/\/www.pharmacavigar.it\/es\/mercado-visual-geomercado\/#breadcrumb","itemListElement":[{"@type":"ListItem","position":1,"name":"Home","item":"https:\/\/www.pharmacavigar.it\/es\/"},{"@type":"ListItem","position":2,"name":"Mercado visual geomercado"}]},{"@type":"WebSite","@id":"https:\/\/www.pharmacavigar.it\/es\/#website","url":"https:\/\/www.pharmacavigar.it\/es\/","name":"Pharmacavigar","description":"Arredamento farmacie, progettazione e consulenza per farmacisti","potentialAction":[{"@type":"SearchAction","target":{"@type":"EntryPoint","urlTemplate":"https:\/\/www.pharmacavigar.it\/es\/?s={search_term_string}"},"query-input":{"@type":"PropertyValueSpecification","valueRequired":true,"valueName":"search_term_string"}}],"inLanguage":"es"}]}},"_links":{"self":[{"href":"https:\/\/www.pharmacavigar.it\/es\/wp-json\/wp\/v2\/pages\/29335","targetHints":{"allow":["GET"]}}],"collection":[{"href":"https:\/\/www.pharmacavigar.it\/es\/wp-json\/wp\/v2\/pages"}],"about":[{"href":"https:\/\/www.pharmacavigar.it\/es\/wp-json\/wp\/v2\/types\/page"}],"author":[{"embeddable":true,"href":"https:\/\/www.pharmacavigar.it\/es\/wp-json\/wp\/v2\/users\/1"}],"replies":[{"embeddable":true,"href":"https:\/\/www.pharmacavigar.it\/es\/wp-json\/wp\/v2\/comments?post=29335"}],"version-history":[{"count":0,"href":"https:\/\/www.pharmacavigar.it\/es\/wp-json\/wp\/v2\/pages\/29335\/revisions"}],"wp:attachment":[{"href":"https:\/\/www.pharmacavigar.it\/es\/wp-json\/wp\/v2\/media?parent=29335"}],"curies":[{"name":"wp","href":"https:\/\/api.w.org\/{rel}","templated":true}]}}