{"id":29354,"date":"2020-02-21T11:08:34","date_gmt":"2020-02-21T11:08:34","guid":{"rendered":"http:\/\/www.pharmacavigar.it\/solar-protection-division"},"modified":"2020-03-27T14:37:29","modified_gmt":"2020-03-27T14:37:29","slug":"division-de-proteccion-solar","status":"publish","type":"page","link":"https:\/\/www.pharmacavigar.it\/es\/division-de-proteccion-solar\/","title":{"rendered":"Divisi\u00f3n de protecci\u00f3n solar"},"content":{"rendered":"<section class=\"wpb-content-wrapper\"><p>[vc_row][vc_column][vc_empty_space height=\u00bb80px\u00bb]<span class=\"subtitle dash-true style-dark text-default\">Soluciones<\/span>[vc_column_text]<\/p>\n<h1>Divisi\u00f3n de protecci\u00f3n solar<\/h1>\n<p>[\/vc_column_text][vc_empty_space height=\u00bb80px\u00bb][vc_column_text]Pharmacavigar se ocupa del mobiliario de farmacias, para farmacias y salud. Pharmacavigar participa en los proyectos de desarrollo para un futuro mas innovador, eco-sostenible atrav\u00e9s del desarrollo de m\u00f3dulos y componentes dirigido al m\u00e1ximo ahorro de energ\u00eda, Pharmacavigar tiene a la disposici\u00f3n la tecnolog\u00eda y soluciones relacionadas con la protecci\u00f3n solar.[\/vc_column_text][vc_single_image image=\u00bb27238&#8243; img_size=\u00bbfull\u00bb alignment=\u00bbcenter\u00bb css=\u00bb.vc_custom_1582303621130{padding-top: 5% !important;padding-bottom: 5% !important;}\u00bb]<span class=\"subtitle dash-true style-dark text-default\">\u00abMADE TO MEASURE\u00bb furniture<\/span>[vc_column_text]<\/p>\n<h2>Que es la Divisi\u00f3n y Protecci\u00f3n Solar?<\/h2>\n<p>La Divisi\u00f3n de Protecci\u00f3n Solar es una Divisi\u00f3n de Pharmacavigar que instala persianas t\u00e9cnicas de taller, bar y todo tipo de local comercial; espec\u00edficamente, est\u00e1n hechos y montados los toldos para exteriores, persianas para interiores, persianas enrollables con cables de acero (generalmente para fachadas) y tienda con cremalleras y cierre herm\u00e9tico (generalmente se utiliza para cerrar p\u00f3rticos o p\u00e9rgolas y miradores).<\/p>\n<p>Todas las persianas solares instaladas pueden ser movidas manualmente o electr\u00f3nicamente mediante el motor instalado en el tubo de envoltura. Todos los componentes de las persianas, incluyendo telas y motores, son fabricados en Italia y en Europa, con garant\u00eda y certificaci\u00f3n. Pharmacavigar divisi\u00f3n protecci\u00f3n solar utiliza la moderna tecnolog\u00eda de la tela Soltis (m\u00e9todo de producci\u00f3n de la empresa francesa Serge Ferrari) material resistente, ligero, estable, que permite un ahorro energ\u00e9tico certificado gracias a su alto poder termo solar y a la eficaz protecci\u00f3n de los rayos UV.[\/vc_column_text][vc_empty_space height=\u00bb80px\u00bb][vc_column_text]<\/p>\n<h2>Porque elegir la tela Soltis?<\/h2>\n<p>La tela Soltis combate el calor permitiendo la estabilizaci\u00f3n de la temperatura interna a beneficio del ambiente en los lugares p\u00fablicos y privados, lo que permite de inmediato un ahorro energ\u00e9tico y una menor contaminaci\u00f3n. Todos los tejidos son coordinados de detergentes espec\u00edficos de la l\u00ednea Apco Care &amp; Cleaning que garantizan una correcta limpieza y mantenimiento de los materiales en acr\u00edlico y PVC. Completando el rango de productos de la divisi\u00f3n protecci\u00f3n solar de Pharmacavigar persianas de sol tradicionales, tapadas, persianas a barra cuadrada y en caja, de refugio, y p\u00e9rgolas para exteriores.[\/vc_column_text]<p class=\"text-right\"><a href=\"\/es\/contactos\" class=\"btn btn-primary arrow-right\"><span>CONTACTO<\/span><\/a><\/p>[vc_empty_space height=\u00bb80px\u00bb][\/vc_column][\/vc_row][vc_row equal_height=\u00bbyes\u00bb content_placement=\u00bbmiddle\u00bb css=\u00bb.vc_custom_1583404251314{padding-top: 3% !important;padding-right: 5% !important;padding-bottom: 3% !important;padding-left: 5% !important;background-color: #f8f8f8 !important;border-radius: 5px !important;}\u00bb][vc_column width=\u00bb1\/5&#8243; css=\u00bb.vc_custom_1582284760223{border-radius: 5px !important;}\u00bb][vc_column_text]<\/p>\n<h5><span style=\"color: #13a37a;\">Partners:<\/span><\/h5>\n<p>[\/vc_column_text][\/vc_column][vc_column width=\u00bb1\/5&#8243;][vc_single_image image=\u00bb28283&#8243; img_size=\u00bbfull\u00bb alignment=\u00bbcenter\u00bb onclick=\u00bbcustom_link\u00bb img_link_target=\u00bb_blank\u00bb link=\u00bbhttps:\/\/www.nyxtende.it\u00bb][\/vc_column][vc_column width=\u00bb1\/5&#8243;][vc_single_image image=\u00bb27229&#8243; img_size=\u00bbfull\u00bb alignment=\u00bbcenter\u00bb][\/vc_column][vc_column width=\u00bb1\/5&#8243;][vc_single_image image=\u00bb27232&#8243; img_size=\u00bbfull\u00bb alignment=\u00bbcenter\u00bb][\/vc_column][vc_column width=\u00bb1\/5&#8243;][vc_single_image image=\u00bb27226&#8243; img_size=\u00bbfull\u00bb alignment=\u00bbcenter\u00bb][\/vc_column][\/vc_row][vc_row][vc_column][vc_empty_space height=\u00bb80px\u00bb][\/vc_column][\/vc_row]<\/p>\n<\/section>","protected":false},"excerpt":{"rendered":"<p>[vc_row][vc_column][vc_empty_space height=\u00bb80px\u00bb][vc_column_text] Divisi\u00f3n de protecci\u00f3n solar [\/vc_column_text][vc_empty_space height=\u00bb80px\u00bb][vc_column_text]Pharmacavigar se ocupa del mobiliario de farmacias, para farmacias y salud. Pharmacavigar participa en los proyectos de desarrollo para un futuro mas innovador, eco-sostenible atrav\u00e9s del desarrollo de m\u00f3dulos y componentes dirigido al m\u00e1ximo ahorro de energ\u00eda, Pharmacavigar tiene a la disposici\u00f3n la tecnolog\u00eda y soluciones relacionadas con [&hellip;]<\/p>\n","protected":false},"author":1,"featured_media":0,"parent":0,"menu_order":0,"comment_status":"closed","ping_status":"closed","template":"page-slider.php","meta":{"ngg_post_thumbnail":0,"footnotes":""},"class_list":["post-29354","page","type-page","status-publish","hentry"],"yoast_head":"<!-- This site is optimized with the Yoast SEO plugin v27.5 - https:\/\/yoast.com\/product\/yoast-seo-wordpress\/ -->\n<title>Protecci\u00f3n solar para farmacias<\/title>\n<meta name=\"robots\" content=\"index, follow, max-snippet:-1, max-image-preview:large, max-video-preview:-1\" \/>\n<link rel=\"canonical\" href=\"https:\/\/www.pharmacavigar.it\/es\/division-de-proteccion-solar\/\" \/>\n<meta property=\"og:locale\" content=\"es_ES\" \/>\n<meta property=\"og:type\" content=\"article\" \/>\n<meta property=\"og:title\" content=\"Protecci\u00f3n solar para farmacias\" \/>\n<meta property=\"og:description\" content=\"[vc_row][vc_column][vc_empty_space height=\u00bb80px\u00bb][vc_column_text] Divisi\u00f3n de protecci\u00f3n solar [\/vc_column_text][vc_empty_space height=\u00bb80px\u00bb][vc_column_text]Pharmacavigar se ocupa del mobiliario de farmacias, para farmacias y salud. Pharmacavigar participa en los proyectos de desarrollo para un futuro mas innovador, eco-sostenible atrav\u00e9s del desarrollo de m\u00f3dulos y componentes dirigido al m\u00e1ximo ahorro de energ\u00eda, Pharmacavigar tiene a la disposici\u00f3n la tecnolog\u00eda y soluciones relacionadas con [&hellip;]\" \/>\n<meta property=\"og:url\" content=\"https:\/\/www.pharmacavigar.it\/es\/division-de-proteccion-solar\/\" \/>\n<meta property=\"og:site_name\" content=\"Pharmacavigar\" \/>\n<meta property=\"article:publisher\" content=\"https:\/\/www.facebook.com\/pharmacavigar\" \/>\n<meta property=\"article:modified_time\" content=\"2020-03-27T14:37:29+00:00\" \/>\n<meta name=\"twitter:card\" content=\"summary_large_image\" \/>\n<meta name=\"twitter:site\" content=\"@pharmacavigar\" \/>\n<meta name=\"twitter:label1\" content=\"Tiempo de lectura\" \/>\n\t<meta name=\"twitter:data1\" content=\"3 minutos\" \/>\n<script type=\"application\/ld+json\" class=\"yoast-schema-graph\">{\"@context\":\"https:\\\/\\\/schema.org\",\"@graph\":[{\"@type\":\"WebPage\",\"@id\":\"https:\\\/\\\/www.pharmacavigar.it\\\/es\\\/division-de-proteccion-solar\\\/\",\"url\":\"https:\\\/\\\/www.pharmacavigar.it\\\/es\\\/division-de-proteccion-solar\\\/\",\"name\":\"Protecci\u00f3n solar para farmacias\",\"isPartOf\":{\"@id\":\"https:\\\/\\\/www.pharmacavigar.it\\\/es\\\/#website\"},\"datePublished\":\"2020-02-21T11:08:34+00:00\",\"dateModified\":\"2020-03-27T14:37:29+00:00\",\"breadcrumb\":{\"@id\":\"https:\\\/\\\/www.pharmacavigar.it\\\/es\\\/division-de-proteccion-solar\\\/#breadcrumb\"},\"inLanguage\":\"es\",\"potentialAction\":[{\"@type\":\"ReadAction\",\"target\":[\"https:\\\/\\\/www.pharmacavigar.it\\\/es\\\/division-de-proteccion-solar\\\/\"]}]},{\"@type\":\"BreadcrumbList\",\"@id\":\"https:\\\/\\\/www.pharmacavigar.it\\\/es\\\/division-de-proteccion-solar\\\/#breadcrumb\",\"itemListElement\":[{\"@type\":\"ListItem\",\"position\":1,\"name\":\"Home\",\"item\":\"https:\\\/\\\/www.pharmacavigar.it\\\/es\\\/\"},{\"@type\":\"ListItem\",\"position\":2,\"name\":\"Divisi\u00f3n de protecci\u00f3n solar\"}]},{\"@type\":\"WebSite\",\"@id\":\"https:\\\/\\\/www.pharmacavigar.it\\\/es\\\/#website\",\"url\":\"https:\\\/\\\/www.pharmacavigar.it\\\/es\\\/\",\"name\":\"Pharmacavigar\",\"description\":\"Arredamento farmacie, progettazione e consulenza per farmacisti\",\"potentialAction\":[{\"@type\":\"SearchAction\",\"target\":{\"@type\":\"EntryPoint\",\"urlTemplate\":\"https:\\\/\\\/www.pharmacavigar.it\\\/es\\\/?s={search_term_string}\"},\"query-input\":{\"@type\":\"PropertyValueSpecification\",\"valueRequired\":true,\"valueName\":\"search_term_string\"}}],\"inLanguage\":\"es\"}]}<\/script>\n<!-- \/ Yoast SEO plugin. -->","yoast_head_json":{"title":"Protecci\u00f3n solar para farmacias","robots":{"index":"index","follow":"follow","max-snippet":"max-snippet:-1","max-image-preview":"max-image-preview:large","max-video-preview":"max-video-preview:-1"},"canonical":"https:\/\/www.pharmacavigar.it\/es\/division-de-proteccion-solar\/","og_locale":"es_ES","og_type":"article","og_title":"Protecci\u00f3n solar para farmacias","og_description":"[vc_row][vc_column][vc_empty_space height=\u00bb80px\u00bb][vc_column_text] Divisi\u00f3n de protecci\u00f3n solar [\/vc_column_text][vc_empty_space height=\u00bb80px\u00bb][vc_column_text]Pharmacavigar se ocupa del mobiliario de farmacias, para farmacias y salud. Pharmacavigar participa en los proyectos de desarrollo para un futuro mas innovador, eco-sostenible atrav\u00e9s del desarrollo de m\u00f3dulos y componentes dirigido al m\u00e1ximo ahorro de energ\u00eda, Pharmacavigar tiene a la disposici\u00f3n la tecnolog\u00eda y soluciones relacionadas con [&hellip;]","og_url":"https:\/\/www.pharmacavigar.it\/es\/division-de-proteccion-solar\/","og_site_name":"Pharmacavigar","article_publisher":"https:\/\/www.facebook.com\/pharmacavigar","article_modified_time":"2020-03-27T14:37:29+00:00","twitter_card":"summary_large_image","twitter_site":"@pharmacavigar","twitter_misc":{"Tiempo de lectura":"3 minutos"},"schema":{"@context":"https:\/\/schema.org","@graph":[{"@type":"WebPage","@id":"https:\/\/www.pharmacavigar.it\/es\/division-de-proteccion-solar\/","url":"https:\/\/www.pharmacavigar.it\/es\/division-de-proteccion-solar\/","name":"Protecci\u00f3n solar para farmacias","isPartOf":{"@id":"https:\/\/www.pharmacavigar.it\/es\/#website"},"datePublished":"2020-02-21T11:08:34+00:00","dateModified":"2020-03-27T14:37:29+00:00","breadcrumb":{"@id":"https:\/\/www.pharmacavigar.it\/es\/division-de-proteccion-solar\/#breadcrumb"},"inLanguage":"es","potentialAction":[{"@type":"ReadAction","target":["https:\/\/www.pharmacavigar.it\/es\/division-de-proteccion-solar\/"]}]},{"@type":"BreadcrumbList","@id":"https:\/\/www.pharmacavigar.it\/es\/division-de-proteccion-solar\/#breadcrumb","itemListElement":[{"@type":"ListItem","position":1,"name":"Home","item":"https:\/\/www.pharmacavigar.it\/es\/"},{"@type":"ListItem","position":2,"name":"Divisi\u00f3n de protecci\u00f3n solar"}]},{"@type":"WebSite","@id":"https:\/\/www.pharmacavigar.it\/es\/#website","url":"https:\/\/www.pharmacavigar.it\/es\/","name":"Pharmacavigar","description":"Arredamento farmacie, progettazione e consulenza per farmacisti","potentialAction":[{"@type":"SearchAction","target":{"@type":"EntryPoint","urlTemplate":"https:\/\/www.pharmacavigar.it\/es\/?s={search_term_string}"},"query-input":{"@type":"PropertyValueSpecification","valueRequired":true,"valueName":"search_term_string"}}],"inLanguage":"es"}]}},"_links":{"self":[{"href":"https:\/\/www.pharmacavigar.it\/es\/wp-json\/wp\/v2\/pages\/29354","targetHints":{"allow":["GET"]}}],"collection":[{"href":"https:\/\/www.pharmacavigar.it\/es\/wp-json\/wp\/v2\/pages"}],"about":[{"href":"https:\/\/www.pharmacavigar.it\/es\/wp-json\/wp\/v2\/types\/page"}],"author":[{"embeddable":true,"href":"https:\/\/www.pharmacavigar.it\/es\/wp-json\/wp\/v2\/users\/1"}],"replies":[{"embeddable":true,"href":"https:\/\/www.pharmacavigar.it\/es\/wp-json\/wp\/v2\/comments?post=29354"}],"version-history":[{"count":0,"href":"https:\/\/www.pharmacavigar.it\/es\/wp-json\/wp\/v2\/pages\/29354\/revisions"}],"wp:attachment":[{"href":"https:\/\/www.pharmacavigar.it\/es\/wp-json\/wp\/v2\/media?parent=29354"}],"curies":[{"name":"wp","href":"https:\/\/api.w.org\/{rel}","templated":true}]}}