{"id":29380,"date":"2020-02-21T14:16:20","date_gmt":"2020-02-21T14:16:20","guid":{"rendered":"http:\/\/www.pharmacavigar.it\/training"},"modified":"2020-03-23T15:38:50","modified_gmt":"2020-03-23T15:38:50","slug":"formacion","status":"publish","type":"page","link":"https:\/\/www.pharmacavigar.it\/es\/formacion\/","title":{"rendered":"Formaci\u00f3n"},"content":{"rendered":"<section class=\"wpb-content-wrapper\"><p>[vc_row][vc_column][vc_empty_space height=\u00bb80px\u00bb]<span class=\"subtitle dash-true style-dark text-default\">Consulting<\/span>[vc_column_text]<\/p>\n<h1>Formaci\u00f3n<\/h1>\n<p>[\/vc_column_text][vc_empty_space height=\u00bb80px\u00bb][vc_column_text]Gracias al equipo de especialistas y profesionales del sector, Pharmacavigar ofrece:<\/p>\n<ul>\n<li>Administraci\u00f3n y ventas<\/li>\n<li>Entrenamiento de la compa\u00f1\u00eda<\/li>\n<li>Entrenamiento y formaci\u00f3n de titulares<\/li>\n<li>Estudio de mercadeo (optimizaci\u00f3n de macro y micro \u00e1reas)<\/li>\n<li>Venta cruzada (literalmente \u201c venta cruzada\u201d del producto) dando la posibilidad de interactuar con mas sinergia y aumentar la posibilidad de ofrecer un producto final altamente calificado<\/li>\n<li>Estanter\u00eda de productos<\/li>\n<\/ul>\n<p>[\/vc_column_text]<p class=\"text-right\"><a href=\"\/es\/contactos\" class=\"btn btn-primary arrow-right\"><span>CONTACTO<\/span><\/a><\/p>[vc_empty_space height=\u00bb80px\u00bb][vc_single_image image=\u00bb27286&#8243; img_size=\u00bbfull\u00bb alignment=\u00bbcenter\u00bb][vc_empty_space height=\u00bb80px\u00bb][\/vc_column][\/vc_row]<\/p>\n<\/section>","protected":false},"excerpt":{"rendered":"<p>[vc_row][vc_column][vc_empty_space height=\u00bb80px\u00bb][vc_column_text] Formaci\u00f3n [\/vc_column_text][vc_empty_space height=\u00bb80px\u00bb][vc_column_text]Gracias al equipo de especialistas y profesionales del sector, Pharmacavigar ofrece: Administraci\u00f3n y ventas Entrenamiento de la compa\u00f1\u00eda Entrenamiento y formaci\u00f3n de titulares Estudio de mercadeo (optimizaci\u00f3n de macro y micro \u00e1reas) Venta cruzada (literalmente \u201c venta cruzada\u201d del producto) dando la posibilidad de interactuar con mas sinergia y aumentar la [&hellip;]<\/p>\n","protected":false},"author":1,"featured_media":0,"parent":0,"menu_order":0,"comment_status":"closed","ping_status":"closed","template":"page-slider.php","meta":{"ngg_post_thumbnail":0,"footnotes":""},"class_list":["post-29380","page","type-page","status-publish","hentry"],"yoast_head":"<!-- This site is optimized with the Yoast SEO plugin v27.5 - https:\/\/yoast.com\/product\/yoast-seo-wordpress\/ -->\n<title>Formaci\u00f3n - Pharmacavigar<\/title>\n<meta name=\"robots\" content=\"index, follow, max-snippet:-1, max-image-preview:large, max-video-preview:-1\" \/>\n<link rel=\"canonical\" href=\"https:\/\/www.pharmacavigar.it\/es\/formacion\/\" \/>\n<meta property=\"og:locale\" content=\"es_ES\" \/>\n<meta property=\"og:type\" content=\"article\" \/>\n<meta property=\"og:title\" content=\"Formaci\u00f3n - Pharmacavigar\" \/>\n<meta property=\"og:description\" content=\"[vc_row][vc_column][vc_empty_space height=\u00bb80px\u00bb][vc_column_text] Formaci\u00f3n [\/vc_column_text][vc_empty_space height=\u00bb80px\u00bb][vc_column_text]Gracias al equipo de especialistas y profesionales del sector, Pharmacavigar ofrece: Administraci\u00f3n y ventas Entrenamiento de la compa\u00f1\u00eda Entrenamiento y formaci\u00f3n de titulares Estudio de mercadeo (optimizaci\u00f3n de macro y micro \u00e1reas) Venta cruzada (literalmente \u201c venta cruzada\u201d del producto) dando la posibilidad de interactuar con mas sinergia y aumentar la [&hellip;]\" \/>\n<meta property=\"og:url\" content=\"https:\/\/www.pharmacavigar.it\/es\/formacion\/\" \/>\n<meta property=\"og:site_name\" content=\"Pharmacavigar\" \/>\n<meta property=\"article:publisher\" content=\"https:\/\/www.facebook.com\/pharmacavigar\" \/>\n<meta property=\"article:modified_time\" content=\"2020-03-23T15:38:50+00:00\" \/>\n<meta name=\"twitter:card\" content=\"summary_large_image\" \/>\n<meta name=\"twitter:site\" content=\"@pharmacavigar\" \/>\n<meta name=\"twitter:label1\" content=\"Tiempo de lectura\" \/>\n\t<meta name=\"twitter:data1\" content=\"1 minuto\" \/>\n<script type=\"application\/ld+json\" class=\"yoast-schema-graph\">{\"@context\":\"https:\\\/\\\/schema.org\",\"@graph\":[{\"@type\":\"WebPage\",\"@id\":\"https:\\\/\\\/www.pharmacavigar.it\\\/es\\\/formacion\\\/\",\"url\":\"https:\\\/\\\/www.pharmacavigar.it\\\/es\\\/formacion\\\/\",\"name\":\"Formaci\u00f3n - Pharmacavigar\",\"isPartOf\":{\"@id\":\"https:\\\/\\\/www.pharmacavigar.it\\\/es\\\/#website\"},\"datePublished\":\"2020-02-21T14:16:20+00:00\",\"dateModified\":\"2020-03-23T15:38:50+00:00\",\"breadcrumb\":{\"@id\":\"https:\\\/\\\/www.pharmacavigar.it\\\/es\\\/formacion\\\/#breadcrumb\"},\"inLanguage\":\"es\",\"potentialAction\":[{\"@type\":\"ReadAction\",\"target\":[\"https:\\\/\\\/www.pharmacavigar.it\\\/es\\\/formacion\\\/\"]}]},{\"@type\":\"BreadcrumbList\",\"@id\":\"https:\\\/\\\/www.pharmacavigar.it\\\/es\\\/formacion\\\/#breadcrumb\",\"itemListElement\":[{\"@type\":\"ListItem\",\"position\":1,\"name\":\"Home\",\"item\":\"https:\\\/\\\/www.pharmacavigar.it\\\/es\\\/\"},{\"@type\":\"ListItem\",\"position\":2,\"name\":\"Formaci\u00f3n\"}]},{\"@type\":\"WebSite\",\"@id\":\"https:\\\/\\\/www.pharmacavigar.it\\\/es\\\/#website\",\"url\":\"https:\\\/\\\/www.pharmacavigar.it\\\/es\\\/\",\"name\":\"Pharmacavigar\",\"description\":\"Arredamento farmacie, progettazione e consulenza per farmacisti\",\"potentialAction\":[{\"@type\":\"SearchAction\",\"target\":{\"@type\":\"EntryPoint\",\"urlTemplate\":\"https:\\\/\\\/www.pharmacavigar.it\\\/es\\\/?s={search_term_string}\"},\"query-input\":{\"@type\":\"PropertyValueSpecification\",\"valueRequired\":true,\"valueName\":\"search_term_string\"}}],\"inLanguage\":\"es\"}]}<\/script>\n<!-- \/ Yoast SEO plugin. -->","yoast_head_json":{"title":"Formaci\u00f3n - Pharmacavigar","robots":{"index":"index","follow":"follow","max-snippet":"max-snippet:-1","max-image-preview":"max-image-preview:large","max-video-preview":"max-video-preview:-1"},"canonical":"https:\/\/www.pharmacavigar.it\/es\/formacion\/","og_locale":"es_ES","og_type":"article","og_title":"Formaci\u00f3n - Pharmacavigar","og_description":"[vc_row][vc_column][vc_empty_space height=\u00bb80px\u00bb][vc_column_text] Formaci\u00f3n [\/vc_column_text][vc_empty_space height=\u00bb80px\u00bb][vc_column_text]Gracias al equipo de especialistas y profesionales del sector, Pharmacavigar ofrece: Administraci\u00f3n y ventas Entrenamiento de la compa\u00f1\u00eda Entrenamiento y formaci\u00f3n de titulares Estudio de mercadeo (optimizaci\u00f3n de macro y micro \u00e1reas) Venta cruzada (literalmente \u201c venta cruzada\u201d del producto) dando la posibilidad de interactuar con mas sinergia y aumentar la [&hellip;]","og_url":"https:\/\/www.pharmacavigar.it\/es\/formacion\/","og_site_name":"Pharmacavigar","article_publisher":"https:\/\/www.facebook.com\/pharmacavigar","article_modified_time":"2020-03-23T15:38:50+00:00","twitter_card":"summary_large_image","twitter_site":"@pharmacavigar","twitter_misc":{"Tiempo de lectura":"1 minuto"},"schema":{"@context":"https:\/\/schema.org","@graph":[{"@type":"WebPage","@id":"https:\/\/www.pharmacavigar.it\/es\/formacion\/","url":"https:\/\/www.pharmacavigar.it\/es\/formacion\/","name":"Formaci\u00f3n - Pharmacavigar","isPartOf":{"@id":"https:\/\/www.pharmacavigar.it\/es\/#website"},"datePublished":"2020-02-21T14:16:20+00:00","dateModified":"2020-03-23T15:38:50+00:00","breadcrumb":{"@id":"https:\/\/www.pharmacavigar.it\/es\/formacion\/#breadcrumb"},"inLanguage":"es","potentialAction":[{"@type":"ReadAction","target":["https:\/\/www.pharmacavigar.it\/es\/formacion\/"]}]},{"@type":"BreadcrumbList","@id":"https:\/\/www.pharmacavigar.it\/es\/formacion\/#breadcrumb","itemListElement":[{"@type":"ListItem","position":1,"name":"Home","item":"https:\/\/www.pharmacavigar.it\/es\/"},{"@type":"ListItem","position":2,"name":"Formaci\u00f3n"}]},{"@type":"WebSite","@id":"https:\/\/www.pharmacavigar.it\/es\/#website","url":"https:\/\/www.pharmacavigar.it\/es\/","name":"Pharmacavigar","description":"Arredamento farmacie, progettazione e consulenza per farmacisti","potentialAction":[{"@type":"SearchAction","target":{"@type":"EntryPoint","urlTemplate":"https:\/\/www.pharmacavigar.it\/es\/?s={search_term_string}"},"query-input":{"@type":"PropertyValueSpecification","valueRequired":true,"valueName":"search_term_string"}}],"inLanguage":"es"}]}},"_links":{"self":[{"href":"https:\/\/www.pharmacavigar.it\/es\/wp-json\/wp\/v2\/pages\/29380","targetHints":{"allow":["GET"]}}],"collection":[{"href":"https:\/\/www.pharmacavigar.it\/es\/wp-json\/wp\/v2\/pages"}],"about":[{"href":"https:\/\/www.pharmacavigar.it\/es\/wp-json\/wp\/v2\/types\/page"}],"author":[{"embeddable":true,"href":"https:\/\/www.pharmacavigar.it\/es\/wp-json\/wp\/v2\/users\/1"}],"replies":[{"embeddable":true,"href":"https:\/\/www.pharmacavigar.it\/es\/wp-json\/wp\/v2\/comments?post=29380"}],"version-history":[{"count":0,"href":"https:\/\/www.pharmacavigar.it\/es\/wp-json\/wp\/v2\/pages\/29380\/revisions"}],"wp:attachment":[{"href":"https:\/\/www.pharmacavigar.it\/es\/wp-json\/wp\/v2\/media?parent=29380"}],"curies":[{"name":"wp","href":"https:\/\/api.w.org\/{rel}","templated":true}]}}