{"id":29752,"date":"2018-02-21T14:07:47","date_gmt":"2018-02-21T14:07:47","guid":{"rendered":"http:\/\/www.pharmacavigar.it\/mission\/"},"modified":"2020-03-25T10:58:07","modified_gmt":"2020-03-25T10:58:07","slug":"mision","status":"publish","type":"page","link":"https:\/\/www.pharmacavigar.it\/es\/mision\/","title":{"rendered":"Misi\u00f3n"},"content":{"rendered":"<section class=\"wpb-content-wrapper\"><p>[vc_row full_width=\u00bbstretch_row\u00bb css=\u00bb.vc_custom_1583765355107{background-image: url(http:\/\/www.pharmacavigar.it\/wp-content\/uploads\/2018\/04\/vertical-lines-3.png?id=10096) !important;}\u00bb][vc_column][vc_empty_space height=\u00bb80px\u00bb]<span class=\"subtitle dash-false style-dark text-default\">PHARMACAVIGAR<\/span>[vc_column_text]<\/p>\n<h1>Mision<\/h1>\n<p>[\/vc_column_text]<div class=\"dash style-dark default\"><\/div>[vc_empty_space height=\u00bb40px\u00bb][\/vc_column][\/vc_row][vc_row full_width=\u00bbstretch_row\u00bb css=\u00bb.vc_custom_1583765444974{background-image: url(http:\/\/www.http:\/\/www.pharmacavigar.it\/wp-content\/uploads\/2018\/03\/vertical-lines-3-1.png?id=9229) !important;background-position: 0 0 !important;background-repeat: repeat !important;}\u00bb][vc_column width=\u00bb2\/3&#8243;][vc_single_image image=\u00bb28860&#8243; img_size=\u00bb790&#215;1053&#8243; alignment=\u00bbcenter\u00bb][\/vc_column][vc_column width=\u00bb1\/3&#8243;][vc_row_inner el_class=\u00bboverlap-left\u00bb][vc_column_inner el_class=\u00bbshadow-box\u00bb][vc_column_text]La misi\u00f3n de Pharmacavigar es ofrecer soluciones de dise\u00f1o y amoblado sobre medida para farmacias y para farmacias, con el objetivo de satisfacer ya sea la necesidad del farmacista y al mismo tiempo del agrado de sus clientes, creando un ambiente funcional para el profesional y una buena atmosfera para los clientes. Para garantizar la m\u00e1xima satisfacci\u00f3n de sus clientes, el farmacista esta involucrado desde el inicio del proceso del dise\u00f1o del local con el fin de encontrar la mejor soluci\u00f3n a la medida.<\/p>\n<p>Pharmacavigar aprovecha de hecho la facilidad del software moderno en el sector de los edificios, de la arquitectura y del dise\u00f1o de interiores gracias al cual el farmacista puede examinar y evaluar las diversas opciones de dise\u00f1o propuestas. Una vez definida la soluci\u00f3n de mobiliario para la farmacia o la para farmacia, Pharmacavigar se ocupa de todo el proceso de instalaci\u00f3n y montaje del mobiliario y equipo y opciones para configurar el medio ambiente, entregando todo incluido al comprador en una sala funcional y de alto contenido de dise\u00f1o, \u00fanico en su clase. Pharmacavigar es l\u00edder en el sector del dise\u00f1o y realizaci\u00f3n de mobiliario con todo incluido para la relaci\u00f3n de calidad y precio.[\/vc_column_text]<div class=\"divider-light\" style=\"border-top-color:#8e8e8e\" ><\/div>[vc_column_text]<\/p>\n<div>\n<p>Para obtener anticipando nuevas necesidades, nuevos servicios que pueden interpretar la tendencia del publico: Poe esto Pharmacavigar hace uso de la colaboraci\u00f3n y sinergia con las mejores empresas en el sector farmac\u00e9utico incluyendo mayoristas software &#8211; house para farmacias, empresas dedicadas a la mecanizaci\u00f3n de almacenes, laboratorio, preparatorios a fin de proporcionar un paquete completo y exclusivo en l\u00ednea con los tiempos de servicios y las necesidades.<\/p>\n<p>Los mejores resultados es necesario relacionarse con el mercado, con h\u00e1bitos de compra pero sobretodo la evoluci\u00f3n de modelos de consumo para la clientela, anticipando nuevas necesidades, nuevos servicios que pueden interpretar la tendencia del publico: Poe esto Pharmacavigar hace uso de la colaboraci\u00f3n y sinergia con las mejores empresas en el sector farmac\u00e9utico incluyendo mayoristas software &#8211; house para farmacias, empresas dedicadas a la mecanizaci\u00f3n de almacenes, laboratorio, preparatorios a fin de proporcionar un paquete completo y exclusivo en l\u00ednea con los tiempos de servicios y las necesidades.<\/p>\n<\/div>\n<p>[\/vc_column_text]<div class=\"divider-light\" style=\"border-top-color:#8e8e8e\" ><\/div><p class=\"text-right\"><a href=\"\/es\/contactos\/\" class=\"btn btn-primary arrow-right\"><span>Contacto<\/span><\/a><\/p>[\/vc_column_inner][\/vc_row_inner][\/vc_column][\/vc_row]<\/p>\n<\/section>","protected":false},"excerpt":{"rendered":"<p>[vc_row full_width=\u00bbstretch_row\u00bb css=\u00bb.vc_custom_1583765355107{background-image: url(http:\/\/www.pharmacavigar.it\/wp-content\/uploads\/2018\/04\/vertical-lines-3.png?id=10096) !important;}\u00bb][vc_column][vc_empty_space height=\u00bb80px\u00bb][vc_column_text] Mision [\/vc_column_text][vc_empty_space height=\u00bb40px\u00bb][\/vc_column][\/vc_row][vc_row full_width=\u00bbstretch_row\u00bb css=\u00bb.vc_custom_1583765444974{background-image: url(http:\/\/www.http:\/\/www.pharmacavigar.it\/wp-content\/uploads\/2018\/03\/vertical-lines-3-1.png?id=9229) !important;background-position: 0 0 !important;background-repeat: repeat !important;}\u00bb][vc_column width=\u00bb2\/3&#8243;][vc_single_image image=\u00bb28860&#8243; img_size=\u00bb790&#215;1053&#8243; alignment=\u00bbcenter\u00bb][\/vc_column][vc_column width=\u00bb1\/3&#8243;][vc_row_inner el_class=\u00bboverlap-left\u00bb][vc_column_inner el_class=\u00bbshadow-box\u00bb][vc_column_text]La misi\u00f3n de Pharmacavigar es ofrecer soluciones de dise\u00f1o y amoblado sobre medida para farmacias y para farmacias, con el objetivo de satisfacer ya sea la necesidad del farmacista y al [&hellip;]<\/p>\n","protected":false},"author":1,"featured_media":0,"parent":0,"menu_order":0,"comment_status":"closed","ping_status":"closed","template":"page-slider.php","meta":{"ngg_post_thumbnail":0,"footnotes":""},"class_list":["post-29752","page","type-page","status-publish","hentry"],"yoast_head":"<!-- This site is optimized with the Yoast SEO plugin v27.5 - https:\/\/yoast.com\/product\/yoast-seo-wordpress\/ -->\n<title>Misi\u00f3n - Pharmacavigar<\/title>\n<meta name=\"robots\" content=\"index, follow, max-snippet:-1, max-image-preview:large, max-video-preview:-1\" \/>\n<link rel=\"canonical\" href=\"https:\/\/www.pharmacavigar.it\/es\/mision\/\" \/>\n<meta property=\"og:locale\" content=\"es_ES\" \/>\n<meta property=\"og:type\" content=\"article\" \/>\n<meta property=\"og:title\" content=\"Misi\u00f3n - Pharmacavigar\" \/>\n<meta property=\"og:description\" content=\"[vc_row full_width=\u00bbstretch_row\u00bb css=\u00bb.vc_custom_1583765355107{background-image: url(http:\/\/www.pharmacavigar.it\/wp-content\/uploads\/2018\/04\/vertical-lines-3.png?id=10096) !important;}\u00bb][vc_column][vc_empty_space height=\u00bb80px\u00bb][vc_column_text] Mision [\/vc_column_text][vc_empty_space height=\u00bb40px\u00bb][\/vc_column][\/vc_row][vc_row full_width=\u00bbstretch_row\u00bb css=\u00bb.vc_custom_1583765444974{background-image: url(http:\/\/www.http:\/\/www.pharmacavigar.it\/wp-content\/uploads\/2018\/03\/vertical-lines-3-1.png?id=9229) !important;background-position: 0 0 !important;background-repeat: repeat !important;}\u00bb][vc_column width=\u00bb2\/3&#8243;][vc_single_image image=\u00bb28860&#8243; img_size=\u00bb790&#215;1053&#8243; alignment=\u00bbcenter\u00bb][\/vc_column][vc_column width=\u00bb1\/3&#8243;][vc_row_inner el_class=\u00bboverlap-left\u00bb][vc_column_inner el_class=\u00bbshadow-box\u00bb][vc_column_text]La misi\u00f3n de Pharmacavigar es ofrecer soluciones de dise\u00f1o y amoblado sobre medida para farmacias y para farmacias, con el objetivo de satisfacer ya sea la necesidad del farmacista y al [&hellip;]\" \/>\n<meta property=\"og:url\" content=\"https:\/\/www.pharmacavigar.it\/es\/mision\/\" \/>\n<meta property=\"og:site_name\" content=\"Pharmacavigar\" \/>\n<meta property=\"article:publisher\" content=\"https:\/\/www.facebook.com\/pharmacavigar\" \/>\n<meta property=\"article:modified_time\" content=\"2020-03-25T10:58:07+00:00\" \/>\n<meta name=\"twitter:card\" content=\"summary_large_image\" \/>\n<meta name=\"twitter:site\" content=\"@pharmacavigar\" \/>\n<meta name=\"twitter:label1\" content=\"Tiempo de lectura\" \/>\n\t<meta name=\"twitter:data1\" content=\"3 minutos\" \/>\n<script type=\"application\/ld+json\" class=\"yoast-schema-graph\">{\"@context\":\"https:\\\/\\\/schema.org\",\"@graph\":[{\"@type\":\"WebPage\",\"@id\":\"https:\\\/\\\/www.pharmacavigar.it\\\/es\\\/mision\\\/\",\"url\":\"https:\\\/\\\/www.pharmacavigar.it\\\/es\\\/mision\\\/\",\"name\":\"Misi\u00f3n - Pharmacavigar\",\"isPartOf\":{\"@id\":\"https:\\\/\\\/www.pharmacavigar.it\\\/es\\\/#website\"},\"datePublished\":\"2018-02-21T14:07:47+00:00\",\"dateModified\":\"2020-03-25T10:58:07+00:00\",\"breadcrumb\":{\"@id\":\"https:\\\/\\\/www.pharmacavigar.it\\\/es\\\/mision\\\/#breadcrumb\"},\"inLanguage\":\"es\",\"potentialAction\":[{\"@type\":\"ReadAction\",\"target\":[\"https:\\\/\\\/www.pharmacavigar.it\\\/es\\\/mision\\\/\"]}]},{\"@type\":\"BreadcrumbList\",\"@id\":\"https:\\\/\\\/www.pharmacavigar.it\\\/es\\\/mision\\\/#breadcrumb\",\"itemListElement\":[{\"@type\":\"ListItem\",\"position\":1,\"name\":\"Home\",\"item\":\"https:\\\/\\\/www.pharmacavigar.it\\\/es\\\/\"},{\"@type\":\"ListItem\",\"position\":2,\"name\":\"Misi\u00f3n\"}]},{\"@type\":\"WebSite\",\"@id\":\"https:\\\/\\\/www.pharmacavigar.it\\\/es\\\/#website\",\"url\":\"https:\\\/\\\/www.pharmacavigar.it\\\/es\\\/\",\"name\":\"Pharmacavigar\",\"description\":\"Arredamento farmacie, progettazione e consulenza per farmacisti\",\"potentialAction\":[{\"@type\":\"SearchAction\",\"target\":{\"@type\":\"EntryPoint\",\"urlTemplate\":\"https:\\\/\\\/www.pharmacavigar.it\\\/es\\\/?s={search_term_string}\"},\"query-input\":{\"@type\":\"PropertyValueSpecification\",\"valueRequired\":true,\"valueName\":\"search_term_string\"}}],\"inLanguage\":\"es\"}]}<\/script>\n<!-- \/ Yoast SEO plugin. -->","yoast_head_json":{"title":"Misi\u00f3n - Pharmacavigar","robots":{"index":"index","follow":"follow","max-snippet":"max-snippet:-1","max-image-preview":"max-image-preview:large","max-video-preview":"max-video-preview:-1"},"canonical":"https:\/\/www.pharmacavigar.it\/es\/mision\/","og_locale":"es_ES","og_type":"article","og_title":"Misi\u00f3n - Pharmacavigar","og_description":"[vc_row full_width=\u00bbstretch_row\u00bb css=\u00bb.vc_custom_1583765355107{background-image: url(http:\/\/www.pharmacavigar.it\/wp-content\/uploads\/2018\/04\/vertical-lines-3.png?id=10096) !important;}\u00bb][vc_column][vc_empty_space height=\u00bb80px\u00bb][vc_column_text] Mision [\/vc_column_text][vc_empty_space height=\u00bb40px\u00bb][\/vc_column][\/vc_row][vc_row full_width=\u00bbstretch_row\u00bb css=\u00bb.vc_custom_1583765444974{background-image: url(http:\/\/www.http:\/\/www.pharmacavigar.it\/wp-content\/uploads\/2018\/03\/vertical-lines-3-1.png?id=9229) !important;background-position: 0 0 !important;background-repeat: repeat !important;}\u00bb][vc_column width=\u00bb2\/3&#8243;][vc_single_image image=\u00bb28860&#8243; img_size=\u00bb790&#215;1053&#8243; alignment=\u00bbcenter\u00bb][\/vc_column][vc_column width=\u00bb1\/3&#8243;][vc_row_inner el_class=\u00bboverlap-left\u00bb][vc_column_inner el_class=\u00bbshadow-box\u00bb][vc_column_text]La misi\u00f3n de Pharmacavigar es ofrecer soluciones de dise\u00f1o y amoblado sobre medida para farmacias y para farmacias, con el objetivo de satisfacer ya sea la necesidad del farmacista y al [&hellip;]","og_url":"https:\/\/www.pharmacavigar.it\/es\/mision\/","og_site_name":"Pharmacavigar","article_publisher":"https:\/\/www.facebook.com\/pharmacavigar","article_modified_time":"2020-03-25T10:58:07+00:00","twitter_card":"summary_large_image","twitter_site":"@pharmacavigar","twitter_misc":{"Tiempo de lectura":"3 minutos"},"schema":{"@context":"https:\/\/schema.org","@graph":[{"@type":"WebPage","@id":"https:\/\/www.pharmacavigar.it\/es\/mision\/","url":"https:\/\/www.pharmacavigar.it\/es\/mision\/","name":"Misi\u00f3n - Pharmacavigar","isPartOf":{"@id":"https:\/\/www.pharmacavigar.it\/es\/#website"},"datePublished":"2018-02-21T14:07:47+00:00","dateModified":"2020-03-25T10:58:07+00:00","breadcrumb":{"@id":"https:\/\/www.pharmacavigar.it\/es\/mision\/#breadcrumb"},"inLanguage":"es","potentialAction":[{"@type":"ReadAction","target":["https:\/\/www.pharmacavigar.it\/es\/mision\/"]}]},{"@type":"BreadcrumbList","@id":"https:\/\/www.pharmacavigar.it\/es\/mision\/#breadcrumb","itemListElement":[{"@type":"ListItem","position":1,"name":"Home","item":"https:\/\/www.pharmacavigar.it\/es\/"},{"@type":"ListItem","position":2,"name":"Misi\u00f3n"}]},{"@type":"WebSite","@id":"https:\/\/www.pharmacavigar.it\/es\/#website","url":"https:\/\/www.pharmacavigar.it\/es\/","name":"Pharmacavigar","description":"Arredamento farmacie, progettazione e consulenza per farmacisti","potentialAction":[{"@type":"SearchAction","target":{"@type":"EntryPoint","urlTemplate":"https:\/\/www.pharmacavigar.it\/es\/?s={search_term_string}"},"query-input":{"@type":"PropertyValueSpecification","valueRequired":true,"valueName":"search_term_string"}}],"inLanguage":"es"}]}},"_links":{"self":[{"href":"https:\/\/www.pharmacavigar.it\/es\/wp-json\/wp\/v2\/pages\/29752","targetHints":{"allow":["GET"]}}],"collection":[{"href":"https:\/\/www.pharmacavigar.it\/es\/wp-json\/wp\/v2\/pages"}],"about":[{"href":"https:\/\/www.pharmacavigar.it\/es\/wp-json\/wp\/v2\/types\/page"}],"author":[{"embeddable":true,"href":"https:\/\/www.pharmacavigar.it\/es\/wp-json\/wp\/v2\/users\/1"}],"replies":[{"embeddable":true,"href":"https:\/\/www.pharmacavigar.it\/es\/wp-json\/wp\/v2\/comments?post=29752"}],"version-history":[{"count":0,"href":"https:\/\/www.pharmacavigar.it\/es\/wp-json\/wp\/v2\/pages\/29752\/revisions"}],"wp:attachment":[{"href":"https:\/\/www.pharmacavigar.it\/es\/wp-json\/wp\/v2\/media?parent=29752"}],"curies":[{"name":"wp","href":"https:\/\/api.w.org\/{rel}","templated":true}]}}