{"id":29778,"date":"2020-03-05T09:24:12","date_gmt":"2020-03-05T09:24:12","guid":{"rendered":"http:\/\/www.pharmacavigar.it\/where-we-are\/"},"modified":"2020-03-27T16:18:12","modified_gmt":"2020-03-27T16:18:12","slug":"empresa","status":"publish","type":"page","link":"https:\/\/www.pharmacavigar.it\/es\/empresa\/","title":{"rendered":"Empresa"},"content":{"rendered":"<section class=\"wpb-content-wrapper\"><p>[vc_row full_width=\u00bbstretch_row_content_no_spaces\u00bb][vc_column][vc_single_image image=\u00bb28953&#8243; img_size=\u00bbfull\u00bb alignment=\u00bbcenter\u00bb][\/vc_column][\/vc_row][vc_row css=\u00bb.vc_custom_1585236341249{margin-top: 80px !important;margin-right: 20px !important;margin-bottom: 80px !important;margin-left: 20px !important;}\u00bb][vc_column width=\u00bb1\/3&#8243;][vc_column_text]<\/p>\n<h2>Pharmacavigar, mobiliario para farmacia<\/h2>\n<p>[\/vc_column_text]<div class=\"dash style-dark default\"><\/div>[\/vc_column][vc_column width=\u00bb1\/3&#8243;][vc_column_text]<\/p>\n<div>\n<p><strong>Pharmacavigar<\/strong> es la divisi\u00f3n de la compa\u00f1\u00eda Cavigar destinada a encontrar <strong>soluciones de dise\u00f1o mas innovadoras en el mundo de la decoraci\u00f3n y muebles para farmacias.<\/strong> Pharmacavigar es una hist\u00f3rica empresa Mantovana que naci\u00f3 en 1956 en Castelbelforte a pocos kil\u00f3metros de Mantova, especializada en el dise\u00f1o de mobiliario y equipo para farmacias.<\/div>\n<p>[\/vc_column_text][\/vc_column][vc_column width=\u00bb1\/3&#8243;][vc_column_text]Pharmacavigar a dise\u00f1ado y amoblado numerosas farmacias en todo el <strong>Norte de Italia<\/strong> y opera en todo el territorio nacional, convirti\u00e9ndose en un socio experto y calificado en el dise\u00f1o y realizaci\u00f3n de amoblado con todo incluido para la farmacia.[\/vc_column_text][\/vc_column][\/vc_row][vc_row css=\u00bb.vc_custom_1582729032294{margin-top: 120px !important;margin-bottom: 80px !important;}\u00bb][vc_column width=\u00bb3\/5&#8243;][vc_single_image image=\u00bb28568&#8243; img_size=\u00bbfull\u00bb alignment=\u00bbcenter\u00bb][\/vc_column][vc_column width=\u00bb2\/5&#8243;][vc_row_inner el_class=\u00bboverlap-left\u00bb][vc_column_inner el_class=\u00bbshadow-box\u00bb]<span class=\"subtitle dash-false style-dark text-default\">PHARMACAVIGAR<\/span>[vc_column_text]<\/p>\n<h2>Empresa<\/h2>\n<p>[\/vc_column_text]<div class=\"dash style-dark default\"><\/div>[vc_cta h2=\u00bb\u00bb h2_font_container=\u00bbcolor:%23000000&#8243; h2_use_theme_fonts=\u00bbyes\u00bb style=\u00bbcustom\u00bb add_icon=\u00bbleft\u00bb i_icon_fontawesome=\u00bbfa fa-map-marker\u00bb i_color=\u00bbcustom\u00bb i_background_style=\u00bbrounded\u00bb i_background_color=\u00bbwhite\u00bb i_size=\u00bbxl\u00bb css_animation=\u00bbnone\u00bb use_custom_fonts_h2=\u00bbtrue\u00bb i_on_border=\u00bbtrue\u00bb i_custom_color=\u00bb#13a37a\u00bb]<\/p>\n<h3><span style=\"color: #13a37a;\"><strong>Donde estamos<\/strong><\/span><\/h3>\n<p><strong>Sede &#8211; exposici\u00f3n<\/strong>:<br \/>\nV\u00eda Bigarello 1, 46032 Castelbelforte &#8211; Mantova &#8211; Italy<br \/>\n<strong>Establecimiento<\/strong>:<br \/>\nV\u00eda G. Marconi 35, 46032 Castelbelforte &#8211; Mantova<\/p>\n<div id=\"map-1\" style=\"height: 400px;\"><\/div>\r\n      \r\n      <script src=\"https:\/\/maps.googleapis.com\/maps\/api\/js?key=AIzaSyAAjsxMjo0wBvuYFCzKNdbC_Tpr_sOIt8Q\"><\/script>\r\n      <script type=\"text\/javascript\">\r\n        (function(jQuery) {\r\n          \"use strict\"\r\n          jQuery(document).ready(function(){\r\n              \r\n                \/\/ Basic options for a simple Google Map\r\n                \/\/ For more options see: https:\/\/developers.google.com\/maps\/documentation\/javascript\/reference#MapOptions\r\n                var myLatlng = new google.maps.LatLng( 45.208881, 10.891480 );\r\n\r\n                var mapOptions = {\r\n                    zoom: 10,\r\n                    disableDefaultUI: false,\r\n                    scrollwheel: false, \r\n                    center: myLatlng,\r\n\r\n                    \/\/ This is where you can paste any style found on Snazzy Maps.\r\n                    styles: [{\"featureType\":\"landscape\",\"stylers\":[{\"saturation\":-100},{\"lightness\":65},{\"visibility\":\"on\"}]},{\"featureType\":\"poi\",\"stylers\":[{\"saturation\":-100},{\"lightness\":51},{\"visibility\":\"simplified\"}]},{\"featureType\":\"road.highway\",\"stylers\":[{\"saturation\":-100},{\"visibility\":\"simplified\"}]},{\"featureType\":\"road.arterial\",\"stylers\":[{\"saturation\":-100},{\"lightness\":30},{\"visibility\":\"on\"}]},{\"featureType\":\"road.local\",\"stylers\":[{\"saturation\":-100},{\"lightness\":40},{\"visibility\":\"on\"}]},{\"featureType\":\"transit\",\"stylers\":[{\"saturation\":-100},{\"visibility\":\"simplified\"}]},{\"featureType\":\"administrative.province\",\"stylers\":[{\"visibility\":\"off\"}]},{\"featureType\":\"water\",\"elementType\":\"labels\",\"stylers\":[{\"visibility\":\"on\"},{\"lightness\":-25},{\"saturation\":-100}]},{\"featureType\":\"water\",\"elementType\":\"geometry\",\"stylers\":[{\"hue\":\"#ffff00\"},{\"lightness\":-25},{\"saturation\":-97}]}]\r\n                };\r\n\r\n                \/\/ Get the HTML DOM element that will contain your map \r\n                \/\/ We are using a div with id=\"map\"\r\n                var mapElement = document.getElementById( 'map-1' );\r\n\r\n                \/\/ Create the Google Map using out element and options defined above\r\n                var map = new google.maps.Map( mapElement, mapOptions );\r\n                  \r\n          var marker = new google.maps.Marker({\r\n            position: myLatlng,\r\n            map: map,\r\n            icon: '',\r\n            title: 'Our Location'\r\n          });\r\n\r\n        });\r\n       })(jQuery);     \r\n      <\/script>\r\n  [\/vc_cta][vc_cta h2=\u00bb\u00bb h2_font_container=\u00bbfont_size:h2|color:%23000000&#8243; h2_use_theme_fonts=\u00bbyes\u00bb add_icon=\u00bbleft\u00bb i_icon_fontawesome=\u00bbfa fa-home\u00bb i_color=\u00bbcustom\u00bb i_background_style=\u00bbrounded\u00bb i_background_color=\u00bbwhite\u00bb i_size=\u00bbxl\u00bb use_custom_fonts_h2=\u00bbtrue\u00bb i_on_border=\u00bbtrue\u00bb i_custom_color=\u00bb#13a37a\u00bb]<\/p>\n<h3><span style=\"color: #13a37a;\"><strong>Empresa<\/strong><\/span><\/h3>\n<p>Pharmacavigar es una divisi\u00f3n de:<\/p>\n<p><strong>Cavigar S.r.l<\/strong><br \/>\n<strong>Via Bigarello, 1 | 46032 \u2013 Castelbelforte \u2013 Mantova<\/strong><br \/>\n<strong>P.IVA e C.F.<\/strong>: 00170660203<br \/>\n<strong>R.E.A<\/strong>.: MN87322 &#8211; <strong>Cap. Soc.<\/strong> \u20ac 58.000,00 i.v.[\/vc_cta][vc_cta h2=\u00bb\u00bb h2_font_container=\u00bbfont_size:h2|color:%23000000&#8243; h2_use_theme_fonts=\u00bbyes\u00bb add_icon=\u00bbleft\u00bb i_icon_fontawesome=\u00bbfa fa-clock-o\u00bb i_color=\u00bbcustom\u00bb i_background_style=\u00bbrounded\u00bb i_background_color=\u00bbwhite\u00bb i_size=\u00bbxl\u00bb use_custom_fonts_h2=\u00bbtrue\u00bb i_on_border=\u00bbtrue\u00bb i_custom_color=\u00bb#13a37a\u00bb]<\/p>\n<h3><span style=\"color: #13a37a;\"><strong>Contactos y horarios<\/strong><\/span><\/h3>\n<p><strong>Horarios de oficina de apertura al publico<\/strong>:<br \/>\nde lunes a viernes de 8.30 -13 y 14 &#8211; 18<br \/>\nEl s\u00e1bado y el domingo se recibe con previa cita.<\/p>\n<p><strong>Contactos:<br \/>\n<\/strong>Tel.: +39 0376 42668 Fax: +39 0376 42072<\/p>\n<p>Oficina de dise\u00f1o: <a href=\"&#x6d;&#x61;&#x69;&#x6c;&#116;&#111;&#58;pr&#x6f;&#x67;&#x65;&#x74;&#x74;&#97;&#122;&#105;on&#x65;&#x40;&#x63;&#x61;&#x76;&#105;&#103;&#97;r&#46;&#x69;&#x74;\">&#112;&#x72;o&#x67;e&#116;&#x74;&#97;&#x7a;i&#111;&#x6e;&#101;&#x40;c&#x61;&#x76;&#105;&#x67;a&#x72;&#46;&#105;&#x74;<\/a><br \/>\nAdministraci\u00f3n: <a href=\"&#109;&#x61;&#105;&#x6c;t&#x6f;:&#97;&#x6d;&#109;&#x69;n&#x69;s&#116;&#x72;&#97;&#x7a;i&#x6f;n&#101;&#x40;&#99;&#x61;v&#x69;g&#97;&#x72;&#46;&#x69;t\">&#97;&#109;&#x6d;&#x69;&#110;&#105;&#x73;&#x74;&#114;&#97;&#x7a;&#x69;&#111;&#110;&#x65;&#x40;&#99;&#97;&#x76;&#x69;&#103;&#97;&#x72;&#x2e;&#105;&#116;<\/a><br \/>\nOficina de ventas: <a href=\"&#109;&#97;&#x69;l&#116;&#x6f;&#x3a;c&#111;&#x6d;&#x6d;e&#114;&#x63;&#x69;a&#108;&#x65;&#x40;c&#97;&#x76;&#x69;g&#97;&#x72;&#46;&#105;&#116;\">&#x63;&#111;m&#x6d;&#101;r&#x63;&#105;a&#x6c;&#x65;&#64;&#x63;&#x61;&#118;i&#x67;&#97;r&#x2e;&#105;t<\/a>[\/vc_cta]<p class=\"text-center\"><a href=\"\/es\/contactos\/\" class=\"btn btn-primary arrow-right btn-fullwidth\"><span>CONTACTO<\/span><\/a><\/p>[\/vc_column_inner][\/vc_row_inner][\/vc_column][\/vc_row]<\/p>\n<\/section>","protected":false},"excerpt":{"rendered":"<p>[vc_row full_width=\u00bbstretch_row_content_no_spaces\u00bb][vc_column][vc_single_image image=\u00bb28953&#8243; img_size=\u00bbfull\u00bb alignment=\u00bbcenter\u00bb][\/vc_column][\/vc_row][vc_row css=\u00bb.vc_custom_1585236341249{margin-top: 80px !important;margin-right: 20px !important;margin-bottom: 80px !important;margin-left: 20px !important;}\u00bb][vc_column width=\u00bb1\/3&#8243;][vc_column_text] Pharmacavigar, mobiliario para farmacia [\/vc_column_text][\/vc_column][vc_column width=\u00bb1\/3&#8243;][vc_column_text] Pharmacavigar es la divisi\u00f3n de la compa\u00f1\u00eda Cavigar destinada a encontrar soluciones de dise\u00f1o mas innovadoras en el mundo de la decoraci\u00f3n y muebles para farmacias. Pharmacavigar es una hist\u00f3rica empresa Mantovana que naci\u00f3 [&hellip;]<\/p>\n","protected":false},"author":1,"featured_media":0,"parent":0,"menu_order":0,"comment_status":"closed","ping_status":"closed","template":"","meta":{"ngg_post_thumbnail":0,"footnotes":""},"class_list":["post-29778","page","type-page","status-publish","hentry"],"yoast_head":"<!-- This site is optimized with the Yoast SEO plugin v27.5 - https:\/\/yoast.com\/product\/yoast-seo-wordpress\/ -->\n<title>Where We Are, exposition, Pharmacavigar Mantova<\/title>\n<meta name=\"robots\" content=\"index, follow, max-snippet:-1, max-image-preview:large, max-video-preview:-1\" \/>\n<link rel=\"canonical\" href=\"https:\/\/www.pharmacavigar.it\/es\/empresa\/\" \/>\n<meta property=\"og:locale\" content=\"es_ES\" \/>\n<meta property=\"og:type\" content=\"article\" \/>\n<meta property=\"og:title\" content=\"Where We Are, exposition, Pharmacavigar Mantova\" \/>\n<meta property=\"og:description\" content=\"[vc_row full_width=\u00bbstretch_row_content_no_spaces\u00bb][vc_column][vc_single_image image=\u00bb28953&#8243; img_size=\u00bbfull\u00bb alignment=\u00bbcenter\u00bb][\/vc_column][\/vc_row][vc_row css=\u00bb.vc_custom_1585236341249{margin-top: 80px !important;margin-right: 20px !important;margin-bottom: 80px !important;margin-left: 20px !important;}\u00bb][vc_column width=\u00bb1\/3&#8243;][vc_column_text] Pharmacavigar, mobiliario para farmacia [\/vc_column_text][\/vc_column][vc_column width=\u00bb1\/3&#8243;][vc_column_text] Pharmacavigar es la divisi\u00f3n de la compa\u00f1\u00eda Cavigar destinada a encontrar soluciones de dise\u00f1o mas innovadoras en el mundo de la decoraci\u00f3n y muebles para farmacias. Pharmacavigar es una hist\u00f3rica empresa Mantovana que naci\u00f3 [&hellip;]\" \/>\n<meta property=\"og:url\" content=\"https:\/\/www.pharmacavigar.it\/es\/empresa\/\" \/>\n<meta property=\"og:site_name\" content=\"Pharmacavigar\" \/>\n<meta property=\"article:publisher\" content=\"https:\/\/www.facebook.com\/pharmacavigar\" \/>\n<meta property=\"article:modified_time\" content=\"2020-03-27T16:18:12+00:00\" \/>\n<meta name=\"twitter:card\" content=\"summary_large_image\" \/>\n<meta name=\"twitter:site\" content=\"@pharmacavigar\" \/>\n<meta name=\"twitter:label1\" content=\"Tiempo de lectura\" \/>\n\t<meta name=\"twitter:data1\" content=\"3 minutos\" \/>\n<script type=\"application\/ld+json\" class=\"yoast-schema-graph\">{\"@context\":\"https:\\\/\\\/schema.org\",\"@graph\":[{\"@type\":\"WebPage\",\"@id\":\"https:\\\/\\\/www.pharmacavigar.it\\\/es\\\/empresa\\\/\",\"url\":\"https:\\\/\\\/www.pharmacavigar.it\\\/es\\\/empresa\\\/\",\"name\":\"Where We Are, exposition, Pharmacavigar Mantova\",\"isPartOf\":{\"@id\":\"https:\\\/\\\/www.pharmacavigar.it\\\/es\\\/#website\"},\"datePublished\":\"2020-03-05T09:24:12+00:00\",\"dateModified\":\"2020-03-27T16:18:12+00:00\",\"breadcrumb\":{\"@id\":\"https:\\\/\\\/www.pharmacavigar.it\\\/es\\\/empresa\\\/#breadcrumb\"},\"inLanguage\":\"es\",\"potentialAction\":[{\"@type\":\"ReadAction\",\"target\":[\"https:\\\/\\\/www.pharmacavigar.it\\\/es\\\/empresa\\\/\"]}]},{\"@type\":\"BreadcrumbList\",\"@id\":\"https:\\\/\\\/www.pharmacavigar.it\\\/es\\\/empresa\\\/#breadcrumb\",\"itemListElement\":[{\"@type\":\"ListItem\",\"position\":1,\"name\":\"Home\",\"item\":\"https:\\\/\\\/www.pharmacavigar.it\\\/es\\\/\"},{\"@type\":\"ListItem\",\"position\":2,\"name\":\"Empresa\"}]},{\"@type\":\"WebSite\",\"@id\":\"https:\\\/\\\/www.pharmacavigar.it\\\/es\\\/#website\",\"url\":\"https:\\\/\\\/www.pharmacavigar.it\\\/es\\\/\",\"name\":\"Pharmacavigar\",\"description\":\"Arredamento farmacie, progettazione e consulenza per farmacisti\",\"potentialAction\":[{\"@type\":\"SearchAction\",\"target\":{\"@type\":\"EntryPoint\",\"urlTemplate\":\"https:\\\/\\\/www.pharmacavigar.it\\\/es\\\/?s={search_term_string}\"},\"query-input\":{\"@type\":\"PropertyValueSpecification\",\"valueRequired\":true,\"valueName\":\"search_term_string\"}}],\"inLanguage\":\"es\"}]}<\/script>\n<!-- \/ Yoast SEO plugin. -->","yoast_head_json":{"title":"Where We Are, exposition, Pharmacavigar Mantova","robots":{"index":"index","follow":"follow","max-snippet":"max-snippet:-1","max-image-preview":"max-image-preview:large","max-video-preview":"max-video-preview:-1"},"canonical":"https:\/\/www.pharmacavigar.it\/es\/empresa\/","og_locale":"es_ES","og_type":"article","og_title":"Where We Are, exposition, Pharmacavigar Mantova","og_description":"[vc_row full_width=\u00bbstretch_row_content_no_spaces\u00bb][vc_column][vc_single_image image=\u00bb28953&#8243; img_size=\u00bbfull\u00bb alignment=\u00bbcenter\u00bb][\/vc_column][\/vc_row][vc_row css=\u00bb.vc_custom_1585236341249{margin-top: 80px !important;margin-right: 20px !important;margin-bottom: 80px !important;margin-left: 20px !important;}\u00bb][vc_column width=\u00bb1\/3&#8243;][vc_column_text] Pharmacavigar, mobiliario para farmacia [\/vc_column_text][\/vc_column][vc_column width=\u00bb1\/3&#8243;][vc_column_text] Pharmacavigar es la divisi\u00f3n de la compa\u00f1\u00eda Cavigar destinada a encontrar soluciones de dise\u00f1o mas innovadoras en el mundo de la decoraci\u00f3n y muebles para farmacias. Pharmacavigar es una hist\u00f3rica empresa Mantovana que naci\u00f3 [&hellip;]","og_url":"https:\/\/www.pharmacavigar.it\/es\/empresa\/","og_site_name":"Pharmacavigar","article_publisher":"https:\/\/www.facebook.com\/pharmacavigar","article_modified_time":"2020-03-27T16:18:12+00:00","twitter_card":"summary_large_image","twitter_site":"@pharmacavigar","twitter_misc":{"Tiempo de lectura":"3 minutos"},"schema":{"@context":"https:\/\/schema.org","@graph":[{"@type":"WebPage","@id":"https:\/\/www.pharmacavigar.it\/es\/empresa\/","url":"https:\/\/www.pharmacavigar.it\/es\/empresa\/","name":"Where We Are, exposition, Pharmacavigar Mantova","isPartOf":{"@id":"https:\/\/www.pharmacavigar.it\/es\/#website"},"datePublished":"2020-03-05T09:24:12+00:00","dateModified":"2020-03-27T16:18:12+00:00","breadcrumb":{"@id":"https:\/\/www.pharmacavigar.it\/es\/empresa\/#breadcrumb"},"inLanguage":"es","potentialAction":[{"@type":"ReadAction","target":["https:\/\/www.pharmacavigar.it\/es\/empresa\/"]}]},{"@type":"BreadcrumbList","@id":"https:\/\/www.pharmacavigar.it\/es\/empresa\/#breadcrumb","itemListElement":[{"@type":"ListItem","position":1,"name":"Home","item":"https:\/\/www.pharmacavigar.it\/es\/"},{"@type":"ListItem","position":2,"name":"Empresa"}]},{"@type":"WebSite","@id":"https:\/\/www.pharmacavigar.it\/es\/#website","url":"https:\/\/www.pharmacavigar.it\/es\/","name":"Pharmacavigar","description":"Arredamento farmacie, progettazione e consulenza per farmacisti","potentialAction":[{"@type":"SearchAction","target":{"@type":"EntryPoint","urlTemplate":"https:\/\/www.pharmacavigar.it\/es\/?s={search_term_string}"},"query-input":{"@type":"PropertyValueSpecification","valueRequired":true,"valueName":"search_term_string"}}],"inLanguage":"es"}]}},"_links":{"self":[{"href":"https:\/\/www.pharmacavigar.it\/es\/wp-json\/wp\/v2\/pages\/29778","targetHints":{"allow":["GET"]}}],"collection":[{"href":"https:\/\/www.pharmacavigar.it\/es\/wp-json\/wp\/v2\/pages"}],"about":[{"href":"https:\/\/www.pharmacavigar.it\/es\/wp-json\/wp\/v2\/types\/page"}],"author":[{"embeddable":true,"href":"https:\/\/www.pharmacavigar.it\/es\/wp-json\/wp\/v2\/users\/1"}],"replies":[{"embeddable":true,"href":"https:\/\/www.pharmacavigar.it\/es\/wp-json\/wp\/v2\/comments?post=29778"}],"version-history":[{"count":0,"href":"https:\/\/www.pharmacavigar.it\/es\/wp-json\/wp\/v2\/pages\/29778\/revisions"}],"wp:attachment":[{"href":"https:\/\/www.pharmacavigar.it\/es\/wp-json\/wp\/v2\/media?parent=29778"}],"curies":[{"name":"wp","href":"https:\/\/api.w.org\/{rel}","templated":true}]}}