{"id":29794,"date":"2020-02-25T09:32:13","date_gmt":"2020-02-25T09:32:13","guid":{"rendered":"http:\/\/www.pharmacavigar.it\/restyling-farmacie\/"},"modified":"2020-03-25T14:03:59","modified_gmt":"2020-03-25T14:03:59","slug":"nuevo-estilo","status":"publish","type":"page","link":"https:\/\/www.pharmacavigar.it\/es\/nuevo-estilo\/","title":{"rendered":"Nuevo estilo"},"content":{"rendered":"<section class=\"wpb-content-wrapper\"><p>[vc_row][vc_column][vc_empty_space height=\u00bb80px\u00bb]<span class=\"subtitle dash-true style-dark text-default\">RESTYLING<\/span>[vc_column_text]<\/p>\n<h1>Quieres renovar o amoblar tu farmacia?<br \/>\nQuiere un <span style=\"color: #1daa7d;\"><strong>nuevo estilo<\/strong><\/span>?<\/h1>\n<p>[\/vc_column_text][vc_empty_space height=\u00bb80px\u00bb][vc_column_text]La mayor fortaleza de Pharmacavigar es la posibilidad y la habilidad que como empresa tiene para encontrar <strong>soluciones personalizadas.<\/strong> Con gran determinaci\u00f3n, hemos creado un fant\u00e1stico showroom, organizado un incre\u00edble grupo de profesionales de dise\u00f1o, constituido un taller de carpinter\u00eda y formado un excepcional servicio al cliente para brindar la asistencia y disponibilidad m\u00e1xima.<\/p>\n<p>Ofrecemos todo lo necesario para el desarrollo del proyecto, el arredramiento o la restructuraci\u00f3n de tu farmacia para hacerla una actividad comercial de \u00e9xito.<\/p>\n<p>Puedes transformar tu farmacia en un exitoso punto de venta <span style=\"color: #1daa7d;\"><strong>sin necesidad de hacer grandes cambios.<\/strong> <\/span>Gracias a nuestro trabajo enfocado en el detalle, podr\u00e1s cambiar estilo, aumentar tus ventas y tus ingresos! Podemos dise\u00f1ar para tu farmacia un nuevo interior amoblado, pensado justo para conquistar tus clientes y aumentar tus ventas.[\/vc_column_text][\/vc_column][\/vc_row][vc_row full_width=\u00bbstretch_row\u00bb equal_height=\u00bbyes\u00bb content_placement=\u00bbmiddle\u00bb][vc_column width=\u00bb3\/5&#8243;][vc_single_image image=\u00bb28915&#8243; img_size=\u00bb803\u00d71071&#8243; alignment=\u00bbcenter\u00bb css=\u00bb.vc_custom_1584457605775{padding-top: 5% !important;padding-bottom: 5% !important;}\u00bb][\/vc_column][vc_column width=\u00bb2\/5&#8243;][vc_row_inner el_class=\u00bboverlap-left\u00bb][vc_column_inner el_class=\u00bbshadow-box\u00bb][vc_column_text css=\u00bb.vc_custom_1585143303763{padding-bottom: 10% !important;}\u00bb]<\/p>\n<h3>Que debes hacer?<\/h3>\n<ol>\n<li>Cont\u00e1ctanos, llenado el modulo en la pagina<\/li>\n<li>Nos podremos encontrar en tu farmacia sin costo<\/li>\n<li>Te presentaremos una o mas soluciones para la restructuraci\u00f3n de tu negocio<\/li>\n<li>Te daremos asistencia en cada una de las fases hasta la reapertura<\/li>\n<\/ol>\n<p>[\/vc_column_text][vc_empty_space height=\u00bb40px\u00bb]\n<div class=\"wpcf7 no-js\" id=\"wpcf7-f29808-o1\" lang=\"it-IT\" dir=\"ltr\" data-wpcf7-id=\"29808\">\n<div class=\"screen-reader-response\"><p role=\"status\" aria-live=\"polite\" aria-atomic=\"true\"><\/p> <ul><\/ul><\/div>\n<form action=\"\/es\/wp-json\/wp\/v2\/pages\/29794#wpcf7-f29808-o1\" method=\"post\" class=\"wpcf7-form init\" aria-label=\"Modulo di contatto\" novalidate=\"novalidate\" data-status=\"init\">\n<fieldset class=\"hidden-fields-container\"><input type=\"hidden\" name=\"_wpcf7\" value=\"29808\" \/><input type=\"hidden\" name=\"_wpcf7_version\" value=\"6.1.5\" \/><input type=\"hidden\" name=\"_wpcf7_locale\" value=\"it_IT\" \/><input type=\"hidden\" name=\"_wpcf7_unit_tag\" value=\"wpcf7-f29808-o1\" \/><input type=\"hidden\" name=\"_wpcf7_container_post\" value=\"0\" \/><input type=\"hidden\" name=\"_wpcf7_posted_data_hash\" value=\"\" \/><input type=\"hidden\" name=\"_wpcf7_recaptcha_response\" value=\"\" \/>\n<\/fieldset>\n<p><span class=\"wpcf7-form-control-wrap\" data-name=\"nome\"><input size=\"40\" maxlength=\"400\" class=\"wpcf7-form-control wpcf7-text wpcf7-validates-as-required\" aria-required=\"true\" aria-invalid=\"false\" placeholder=\"Nombre\" value=\"\" type=\"text\" name=\"nome\" \/><\/span><br \/>\n<span class=\"wpcf7-form-control-wrap\" data-name=\"email\"><input size=\"40\" maxlength=\"400\" class=\"wpcf7-form-control wpcf7-email wpcf7-validates-as-required wpcf7-text wpcf7-validates-as-email\" aria-required=\"true\" aria-invalid=\"false\" placeholder=\"E-mail\" value=\"\" type=\"email\" name=\"email\" \/><\/span><br \/>\n<span class=\"wpcf7-form-control-wrap\" data-name=\"tel\"><input size=\"40\" maxlength=\"400\" class=\"wpcf7-form-control wpcf7-tel wpcf7-validates-as-required wpcf7-text wpcf7-validates-as-tel\" aria-required=\"true\" aria-invalid=\"false\" placeholder=\"Tel\" value=\"\" type=\"tel\" name=\"tel\" \/><\/span><br \/>\n<span class=\"wpcf7-form-control-wrap\" data-name=\"Citta\"><input size=\"40\" maxlength=\"400\" class=\"wpcf7-form-control wpcf7-text wpcf7-validates-as-required\" aria-required=\"true\" aria-invalid=\"false\" placeholder=\"Ciudad\" value=\"\" type=\"text\" name=\"Citta\" \/><\/span><br \/>\n<span class=\"wpcf7-form-control-wrap\" data-name=\"Oggetto\"><input size=\"40\" maxlength=\"400\" class=\"wpcf7-form-control wpcf7-text wpcf7-validates-as-required\" aria-required=\"true\" aria-invalid=\"false\" placeholder=\"Objeto\" value=\"\" type=\"text\" name=\"Oggetto\" \/><\/span><br \/>\n<span class=\"wpcf7-form-control-wrap\" data-name=\"Messaggio\"><textarea cols=\"40\" rows=\"1\" maxlength=\"2000\" class=\"wpcf7-form-control wpcf7-textarea\" aria-invalid=\"false\" placeholder=\"Mensaje\" name=\"Messaggio\"><\/textarea><\/span>\n<\/p>\n<p><input class=\"wpcf7-form-control wpcf7-submit has-spinner\" type=\"submit\" value=\"Inviar\" \/>\n<\/p>\n<p><span class=\"wpcf7-form-control-wrap\" data-name=\"Privacy\"><span class=\"wpcf7-form-control wpcf7-acceptance\"><span class=\"wpcf7-list-item\"><label><input type=\"checkbox\" name=\"Privacy\" value=\"1\" aria-invalid=\"false\" \/><span class=\"wpcf7-list-item-label\">Autorizo el procesamiento de datos personales<\/span><\/label><\/span><\/span><\/span><br \/>\n<a href=\"es\/privacy-policy\" target=\"_blank\" rel=\"noopener\">(Consulta la Politica de privacidad)<\/a>\n<\/p><div class=\"wpcf7-response-output\" aria-hidden=\"true\"><\/div>\n<\/form>\n<\/div>\n[\/vc_column_inner][\/vc_row_inner][\/vc_column][\/vc_row][vc_row][vc_column][vc_cta h2=\u00bbServicio a la medida \u201cllaves en mano\u201d\u00bb]<\/p>\n<div class=\"fusion-column-content-centered\">\n<div class=\"fusion-column-content\">\n<p>Despu\u00e9s de un detallado estudio de los deseos y necesidades del cliente, podremos proponer un nuevo dise\u00f1o de interior para la farmacia, as\u00ed como un presupuesto preliminar con cada uno de los \u00edtems a intervenir, obviamente alineado al proyecto arquitect\u00f3nico. Gracias a modernos softwares de dise\u00f1o arquitect\u00f3nico, podemos preparar sofisticadas vistas 3D del espacio interior deseado.<\/p>\n<p>El cliente podr\u00e1 valorar y estudiar desde el principio cada uno del los procesos y detalle del proyecto.<\/p>\n<\/div>\n<\/div>\n<p>[\/vc_cta][\/vc_column][\/vc_row]<\/p>\n<\/section>","protected":false},"excerpt":{"rendered":"<p>[vc_row][vc_column][vc_empty_space height=\u00bb80px\u00bb][vc_column_text] Quieres renovar o amoblar tu farmacia? Quiere un nuevo estilo? [\/vc_column_text][vc_empty_space height=\u00bb80px\u00bb][vc_column_text]La mayor fortaleza de Pharmacavigar es la posibilidad y la habilidad que como empresa tiene para encontrar soluciones personalizadas. Con gran determinaci\u00f3n, hemos creado un fant\u00e1stico showroom, organizado un incre\u00edble grupo de profesionales de dise\u00f1o, constituido un taller de carpinter\u00eda y formado [&hellip;]<\/p>\n","protected":false},"author":1,"featured_media":0,"parent":0,"menu_order":0,"comment_status":"closed","ping_status":"closed","template":"page-slider.php","meta":{"ngg_post_thumbnail":0,"footnotes":""},"class_list":["post-29794","page","type-page","status-publish","hentry"],"yoast_head":"<!-- This site is optimized with the Yoast SEO plugin v27.5 - https:\/\/yoast.com\/product\/yoast-seo-wordpress\/ -->\n<title>Nuevo estilo - Pharmacavigar<\/title>\n<meta name=\"robots\" content=\"index, follow, max-snippet:-1, max-image-preview:large, max-video-preview:-1\" \/>\n<link rel=\"canonical\" href=\"https:\/\/www.pharmacavigar.it\/es\/nuevo-estilo\/\" \/>\n<meta property=\"og:locale\" content=\"es_ES\" \/>\n<meta property=\"og:type\" content=\"article\" \/>\n<meta property=\"og:title\" content=\"Nuevo estilo - Pharmacavigar\" \/>\n<meta property=\"og:description\" content=\"[vc_row][vc_column][vc_empty_space height=\u00bb80px\u00bb][vc_column_text] Quieres renovar o amoblar tu farmacia? Quiere un nuevo estilo? [\/vc_column_text][vc_empty_space height=\u00bb80px\u00bb][vc_column_text]La mayor fortaleza de Pharmacavigar es la posibilidad y la habilidad que como empresa tiene para encontrar soluciones personalizadas. Con gran determinaci\u00f3n, hemos creado un fant\u00e1stico showroom, organizado un incre\u00edble grupo de profesionales de dise\u00f1o, constituido un taller de carpinter\u00eda y formado [&hellip;]\" \/>\n<meta property=\"og:url\" content=\"https:\/\/www.pharmacavigar.it\/es\/nuevo-estilo\/\" \/>\n<meta property=\"og:site_name\" content=\"Pharmacavigar\" \/>\n<meta property=\"article:publisher\" content=\"https:\/\/www.facebook.com\/pharmacavigar\" \/>\n<meta property=\"article:modified_time\" content=\"2020-03-25T14:03:59+00:00\" \/>\n<meta name=\"twitter:card\" content=\"summary_large_image\" \/>\n<meta name=\"twitter:site\" content=\"@pharmacavigar\" \/>\n<meta name=\"twitter:label1\" content=\"Tiempo de lectura\" \/>\n\t<meta name=\"twitter:data1\" content=\"2 minutos\" \/>\n<script type=\"application\/ld+json\" class=\"yoast-schema-graph\">{\"@context\":\"https:\\\/\\\/schema.org\",\"@graph\":[{\"@type\":\"WebPage\",\"@id\":\"https:\\\/\\\/www.pharmacavigar.it\\\/es\\\/nuevo-estilo\\\/\",\"url\":\"https:\\\/\\\/www.pharmacavigar.it\\\/es\\\/nuevo-estilo\\\/\",\"name\":\"Nuevo estilo - Pharmacavigar\",\"isPartOf\":{\"@id\":\"https:\\\/\\\/www.pharmacavigar.it\\\/es\\\/#website\"},\"datePublished\":\"2020-02-25T09:32:13+00:00\",\"dateModified\":\"2020-03-25T14:03:59+00:00\",\"breadcrumb\":{\"@id\":\"https:\\\/\\\/www.pharmacavigar.it\\\/es\\\/nuevo-estilo\\\/#breadcrumb\"},\"inLanguage\":\"es\",\"potentialAction\":[{\"@type\":\"ReadAction\",\"target\":[\"https:\\\/\\\/www.pharmacavigar.it\\\/es\\\/nuevo-estilo\\\/\"]}]},{\"@type\":\"BreadcrumbList\",\"@id\":\"https:\\\/\\\/www.pharmacavigar.it\\\/es\\\/nuevo-estilo\\\/#breadcrumb\",\"itemListElement\":[{\"@type\":\"ListItem\",\"position\":1,\"name\":\"Home\",\"item\":\"https:\\\/\\\/www.pharmacavigar.it\\\/es\\\/\"},{\"@type\":\"ListItem\",\"position\":2,\"name\":\"Nuevo estilo\"}]},{\"@type\":\"WebSite\",\"@id\":\"https:\\\/\\\/www.pharmacavigar.it\\\/es\\\/#website\",\"url\":\"https:\\\/\\\/www.pharmacavigar.it\\\/es\\\/\",\"name\":\"Pharmacavigar\",\"description\":\"Arredamento farmacie, progettazione e consulenza per farmacisti\",\"potentialAction\":[{\"@type\":\"SearchAction\",\"target\":{\"@type\":\"EntryPoint\",\"urlTemplate\":\"https:\\\/\\\/www.pharmacavigar.it\\\/es\\\/?s={search_term_string}\"},\"query-input\":{\"@type\":\"PropertyValueSpecification\",\"valueRequired\":true,\"valueName\":\"search_term_string\"}}],\"inLanguage\":\"es\"}]}<\/script>\n<!-- \/ Yoast SEO plugin. -->","yoast_head_json":{"title":"Nuevo estilo - Pharmacavigar","robots":{"index":"index","follow":"follow","max-snippet":"max-snippet:-1","max-image-preview":"max-image-preview:large","max-video-preview":"max-video-preview:-1"},"canonical":"https:\/\/www.pharmacavigar.it\/es\/nuevo-estilo\/","og_locale":"es_ES","og_type":"article","og_title":"Nuevo estilo - Pharmacavigar","og_description":"[vc_row][vc_column][vc_empty_space height=\u00bb80px\u00bb][vc_column_text] Quieres renovar o amoblar tu farmacia? Quiere un nuevo estilo? [\/vc_column_text][vc_empty_space height=\u00bb80px\u00bb][vc_column_text]La mayor fortaleza de Pharmacavigar es la posibilidad y la habilidad que como empresa tiene para encontrar soluciones personalizadas. Con gran determinaci\u00f3n, hemos creado un fant\u00e1stico showroom, organizado un incre\u00edble grupo de profesionales de dise\u00f1o, constituido un taller de carpinter\u00eda y formado [&hellip;]","og_url":"https:\/\/www.pharmacavigar.it\/es\/nuevo-estilo\/","og_site_name":"Pharmacavigar","article_publisher":"https:\/\/www.facebook.com\/pharmacavigar","article_modified_time":"2020-03-25T14:03:59+00:00","twitter_card":"summary_large_image","twitter_site":"@pharmacavigar","twitter_misc":{"Tiempo de lectura":"2 minutos"},"schema":{"@context":"https:\/\/schema.org","@graph":[{"@type":"WebPage","@id":"https:\/\/www.pharmacavigar.it\/es\/nuevo-estilo\/","url":"https:\/\/www.pharmacavigar.it\/es\/nuevo-estilo\/","name":"Nuevo estilo - Pharmacavigar","isPartOf":{"@id":"https:\/\/www.pharmacavigar.it\/es\/#website"},"datePublished":"2020-02-25T09:32:13+00:00","dateModified":"2020-03-25T14:03:59+00:00","breadcrumb":{"@id":"https:\/\/www.pharmacavigar.it\/es\/nuevo-estilo\/#breadcrumb"},"inLanguage":"es","potentialAction":[{"@type":"ReadAction","target":["https:\/\/www.pharmacavigar.it\/es\/nuevo-estilo\/"]}]},{"@type":"BreadcrumbList","@id":"https:\/\/www.pharmacavigar.it\/es\/nuevo-estilo\/#breadcrumb","itemListElement":[{"@type":"ListItem","position":1,"name":"Home","item":"https:\/\/www.pharmacavigar.it\/es\/"},{"@type":"ListItem","position":2,"name":"Nuevo estilo"}]},{"@type":"WebSite","@id":"https:\/\/www.pharmacavigar.it\/es\/#website","url":"https:\/\/www.pharmacavigar.it\/es\/","name":"Pharmacavigar","description":"Arredamento farmacie, progettazione e consulenza per farmacisti","potentialAction":[{"@type":"SearchAction","target":{"@type":"EntryPoint","urlTemplate":"https:\/\/www.pharmacavigar.it\/es\/?s={search_term_string}"},"query-input":{"@type":"PropertyValueSpecification","valueRequired":true,"valueName":"search_term_string"}}],"inLanguage":"es"}]}},"_links":{"self":[{"href":"https:\/\/www.pharmacavigar.it\/es\/wp-json\/wp\/v2\/pages\/29794","targetHints":{"allow":["GET"]}}],"collection":[{"href":"https:\/\/www.pharmacavigar.it\/es\/wp-json\/wp\/v2\/pages"}],"about":[{"href":"https:\/\/www.pharmacavigar.it\/es\/wp-json\/wp\/v2\/types\/page"}],"author":[{"embeddable":true,"href":"https:\/\/www.pharmacavigar.it\/es\/wp-json\/wp\/v2\/users\/1"}],"replies":[{"embeddable":true,"href":"https:\/\/www.pharmacavigar.it\/es\/wp-json\/wp\/v2\/comments?post=29794"}],"version-history":[{"count":0,"href":"https:\/\/www.pharmacavigar.it\/es\/wp-json\/wp\/v2\/pages\/29794\/revisions"}],"wp:attachment":[{"href":"https:\/\/www.pharmacavigar.it\/es\/wp-json\/wp\/v2\/media?parent=29794"}],"curies":[{"name":"wp","href":"https:\/\/api.w.org\/{rel}","templated":true}]}}